{"id":27,"date":"2025-04-09T12:53:08","date_gmt":"2025-04-09T09:53:08","guid":{"rendered":"https:\/\/yukselsogutma.tr\/?page_id=27"},"modified":"2026-01-08T19:17:45","modified_gmt":"2026-01-08T16:17:45","slug":"kurumsal","status":"publish","type":"page","link":"https:\/\/www.yukselsogutma.tr\/en\/kurumsal\/","title":{"rendered":"Corporate"},"content":{"rendered":"\t\t<div data-elementor-type=\"wp-page\" data-elementor-id=\"27\" class=\"elementor elementor-27\" data-elementor-post-type=\"page\">\n\t\t\t\t<div class=\"elementor-element elementor-element-df27db2 e-flex e-con-boxed e-con e-parent\" data-id=\"df27db2\" data-element_type=\"container\" data-e-type=\"container\">\n\t\t\t\t\t<div class=\"e-con-inner\">\n\t\t<div class=\"elementor-element elementor-element-889e45f e-con-full e-flex elementor-invisible e-con e-child\" data-id=\"889e45f\" data-element_type=\"container\" data-e-type=\"container\" data-settings=\"{&quot;background_background&quot;:&quot;classic&quot;,&quot;animation&quot;:&quot;fadeIn&quot;,&quot;animation_delay&quot;:200}\">\n\t\t\t\t<div class=\"elementor-element elementor-element-397a7ed elementor-invisible elementor-widget elementor-widget-heading\" data-id=\"397a7ed\" data-element_type=\"widget\" data-e-type=\"widget\" data-settings=\"{&quot;_animation&quot;:&quot;fadeIn&quot;,&quot;_animation_delay&quot;:250}\" data-widget_type=\"heading.default\">\n\t\t\t\t\t<h2 class=\"elementor-heading-title elementor-size-default\">Kurumsal\n<\/h2>\t\t\t\t<\/div>\n\t\t\t\t<div class=\"elementor-element elementor-element-f1adc48 elementor-widget__width-initial elementor-widget-tablet__width-inherit scaled-text elementor-invisible elementor-widget elementor-widget-text-editor\" data-id=\"f1adc48\" data-element_type=\"widget\" data-e-type=\"widget\" data-settings=\"{&quot;_animation&quot;:&quot;fadeIn&quot;,&quot;_animation_delay&quot;:300}\" data-widget_type=\"text-editor.default\">\n\t\t\t\t\t\t\t\t\t<p>\u00dcr\u00fcnlerinizi en iyi \u015fekilde sergileyerek sat\u0131\u015flar\u0131n\u0131z\u0131 art\u0131rman\u0131za yard\u0131mc\u0131 olan, dayan\u0131kl\u0131 ve estetik so\u011futma \u00e7\u00f6z\u00fcmleri sunuyoruz.<\/p>\t\t\t\t\t\t\t\t<\/div>\n\t\t\t\t<\/div>\n\t\t\t\t\t<\/div>\n\t\t\t\t<\/div>\n\t\t<div class=\"elementor-element elementor-element-dae5473 e-flex e-con-boxed e-con e-parent\" data-id=\"dae5473\" data-element_type=\"container\" data-e-type=\"container\" id=\"hikayemiz\">\n\t\t\t\t\t<div class=\"e-con-inner\">\n\t\t<div class=\"elementor-element elementor-element-bbaf691 e-con-full e-flex e-con e-child\" data-id=\"bbaf691\" data-element_type=\"container\" data-e-type=\"container\">\n\t\t\t\t<div class=\"elementor-element elementor-element-1c31c8f scaled-title elementor-invisible elementor-widget elementor-widget-heading\" data-id=\"1c31c8f\" data-element_type=\"widget\" data-e-type=\"widget\" data-settings=\"{&quot;_animation&quot;:&quot;fadeIn&quot;,&quot;_animation_delay&quot;:200}\" data-widget_type=\"heading.default\">\n\t\t\t\t\t<h6 class=\"elementor-heading-title elementor-size-default\">Hikayemiz<\/h6>\t\t\t\t<\/div>\n\t\t\t\t<div class=\"elementor-element elementor-element-3f28c33 elementor-widget__width-initial elementor-widget-tablet__width-inherit scaled-text elementor-invisible elementor-widget elementor-widget-text-editor\" data-id=\"3f28c33\" data-element_type=\"widget\" data-e-type=\"widget\" data-settings=\"{&quot;_animation&quot;:&quot;fadeIn&quot;,&quot;_animation_delay&quot;:300}\" data-widget_type=\"text-editor.default\">\n\t\t\t\t\t\t\t\t\t<p>Y\u00fcksel So\u011futma&#8217;n\u0131n yolculu\u011fu, so\u011futma teknolojilerine duydu\u011fumuz tutku ve i\u015fletmelerle ortak ba\u015far\u0131m\u0131za dair g\u00fc\u00e7l\u00fc inanc\u0131m\u0131zla \u0130stanbul\u2019da ba\u015flad\u0131.<\/p>\t\t\t\t\t\t\t\t<\/div>\n\t\t\t\t<div class=\"elementor-element elementor-element-f33c3df elementor-invisible elementor-widget elementor-widget-image\" data-id=\"f33c3df\" data-element_type=\"widget\" data-e-type=\"widget\" data-settings=\"{&quot;_animation&quot;:&quot;fadeIn&quot;,&quot;_animation_delay&quot;:450}\" data-widget_type=\"image.default\">\n\t\t\t\t\t\t\t\t\t\t\t\t\t\t\t<img fetchpriority=\"high\" decoding=\"async\" width=\"1920\" height=\"1080\" src=\"https:\/\/www.yukselsogutma.tr\/wp-content\/uploads\/2025\/06\/yuksel-sogutma-sanayi-ve-ticaret-kurumsal.webp\" class=\"attachment-full size-full wp-image-3025\" alt=\"\" srcset=\"https:\/\/www.yukselsogutma.tr\/wp-content\/uploads\/2025\/06\/yuksel-sogutma-sanayi-ve-ticaret-kurumsal.webp 1920w, https:\/\/www.yukselsogutma.tr\/wp-content\/uploads\/2025\/06\/yuksel-sogutma-sanayi-ve-ticaret-kurumsal-300x169.webp 300w, https:\/\/www.yukselsogutma.tr\/wp-content\/uploads\/2025\/06\/yuksel-sogutma-sanayi-ve-ticaret-kurumsal-1024x576.webp 1024w, https:\/\/www.yukselsogutma.tr\/wp-content\/uploads\/2025\/06\/yuksel-sogutma-sanayi-ve-ticaret-kurumsal-768x432.webp 768w, https:\/\/www.yukselsogutma.tr\/wp-content\/uploads\/2025\/06\/yuksel-sogutma-sanayi-ve-ticaret-kurumsal-1536x864.webp 1536w, https:\/\/www.yukselsogutma.tr\/wp-content\/uploads\/2025\/06\/yuksel-sogutma-sanayi-ve-ticaret-kurumsal-18x10.webp 18w\" sizes=\"(max-width: 1920px) 100vw, 1920px\" \/>\t\t\t\t\t\t\t\t\t\t\t\t\t\t\t<\/div>\n\t\t\t\t<\/div>\n\t\t<div class=\"elementor-element elementor-element-8c51375 e-con-full e-flex e-con e-child\" data-id=\"8c51375\" data-element_type=\"container\" data-e-type=\"container\">\n\t\t\t\t<div class=\"elementor-element elementor-element-3b022b1 elementor-invisible elementor-widget elementor-widget-text-editor\" data-id=\"3b022b1\" data-element_type=\"widget\" data-e-type=\"widget\" data-settings=\"{&quot;_animation&quot;:&quot;fadeIn&quot;,&quot;_animation_delay&quot;:400}\" data-widget_type=\"text-editor.default\">\n\t\t\t\t\t\t\t\t\t<p>Ailenin \u00fc\u00e7\u00fcnc\u00fc neslinin liderli\u011finde, so\u011futma sekt\u00f6r\u00fcndeki teknolojik geli\u015fmeleri ve tasar\u0131m ak\u0131mlar\u0131n\u0131 yak\u0131ndan takip ederek, \u00fcst\u00fcn performansl\u0131 ve estetik de\u011feri y\u00fcksek so\u011futma \u00e7\u00f6z\u00fcmleri \u00fcretme gayesiyle hareket ediyoruz.<\/p>\t\t\t\t\t\t\t\t<\/div>\n\t\t\t\t<div class=\"elementor-element elementor-element-da14e04 elementor-widget__width-inherit elementor-widget-tablet__width-inherit scaled-text elementor-invisible elementor-widget elementor-widget-text-editor\" data-id=\"da14e04\" data-element_type=\"widget\" data-e-type=\"widget\" data-settings=\"{&quot;_animation&quot;:&quot;fadeIn&quot;,&quot;_animation_delay&quot;:300}\" data-widget_type=\"text-editor.default\">\n\t\t\t\t\t\t\t\t\t<p>1972 y\u0131l\u0131nda Haydar ve Salih Y\u00fcksel karde\u015fler taraf\u0131ndan kurulan Y\u00fcksel So\u011futma Sanayi ve Ticaret \u015eirketi&#8217;nin temelleri, vizyon ve yenilik tutkusu \u00e7evresinde olu\u015fturulmu\u015ftur. K\u0131sa s\u00fcre sonra karde\u015fleri Arif Y\u00fcksel\u2019in kat\u0131l\u0131m\u0131yla g\u00fc\u00e7lenen aile \u015firketimiz, ilgili d\u00f6nemde T\u00fcrkiye pazar\u0131nda bir ilke imza atacak olan so\u011futma \u00fcnitelerinde merkezi sistem ve amortis\u00f6r caml\u0131 servis reyonlar\u0131 gibi \u00f6nc\u00fc \u00e7\u00f6z\u00fcmleri hayata ge\u00e7irerek sekt\u00f6re damgas\u0131n\u0131 vurdu.<\/p><p>Bug\u00fcn kurucular\u0131m\u0131zdan ve ikinci nesil y\u00f6neticilerimizden bayra\u011f\u0131 devralan ailenin \u00fc\u00e7\u00fcnc\u00fc nesli, \u015firketimizin sahip oldu\u011fu sa\u011flam miras\u0131n \u00fczerine kendi vizyonunu in\u015fa etmektedir. \u00dc\u00e7\u00fcnc\u00fc nesil y\u00f6netimimiz, yar\u0131m asr\u0131 a\u015fm\u0131\u015f tecr\u00fcbemizi, g\u00fcn\u00fcm\u00fcz d\u00fcnyas\u0131n\u0131n dinamikleriyle birle\u015ftirerek \u015firketimizde \u00e7a\u011fda\u015f bir d\u00f6nem ba\u015flatmay\u0131 hedeflemi\u015ftir. Hikayemizin bu yeni k\u0131sm\u0131nda temel felsefemiz, et ve \u015fark\u00fcteri reyonlar\u0131ndan end\u00fcstriyel so\u011fuk hava depolar\u0131na kadar uzanan geni\u015f \u00fcr\u00fcn yelpazemizde, i\u015f ortaklar\u0131m\u0131z\u0131n her bir ihtiya\u00e7lar\u0131 i\u00e7in sekt\u00f6rel gereksinimleri g\u00f6zeterek \u00f6zelle\u015ftirilmi\u015f \u00e7\u00f6z\u00fcmler geli\u015ftirmektir.<\/p><p>Yeni neslin liderli\u011finde \u00fcr\u00fcn geli\u015ftirme ve \u00fcretim s\u00fcre\u00e7lerimize entegre edilmi\u015f en \u00f6ncelikli de\u011ferler ise enerji verimlili\u011fi, \u00e7evresel duyarl\u0131l\u0131k, uzun \u00f6m\u00fcrl\u00fc kullan\u0131m, \u00f6d\u00fcns\u00fcz hijyen ve estetiktir. Benimsedi\u011fimiz bu de\u011ferler, bizim i\u00e7in art\u0131k yaln\u0131zca birer opsiyon de\u011fil, \u00fcretti\u011fimiz her bir \u00fcr\u00fcn\u00fcn de\u011fi\u015ftirilemez \u00f6\u011feleridir.<\/p><p>Y\u00fcksel So\u011futma, so\u011futma sistemlerini yaln\u0131zca \u00fcr\u00fcnleri muhafaza eden bir ara\u00e7 olarak g\u00f6rme anlay\u0131\u015f\u0131n\u0131 geride b\u0131rakm\u0131\u015ft\u0131r. Bizler i\u00e7in so\u011futma sistemleri, i\u015f ortaklar\u0131m\u0131z\u0131n marka imaj\u0131n\u0131 g\u00fc\u00e7lendiren, son kullan\u0131c\u0131lar\u0131n al\u0131\u015fveri\u015f deneyimini zenginle\u015ftiren ve nihayetinde sat\u0131\u015flar\u0131 destekleyen stratejik bir yat\u0131r\u0131md\u0131r.<\/p><p>K\u00f6klerimizden ald\u0131\u011f\u0131m\u0131z g\u00fcce ve 50 y\u0131l\u0131 a\u015fan i\u015f k\u00fclt\u00fcr\u00fcm\u00fcze derinden ba\u011fl\u0131y\u0131z. Bu g\u00fcc\u00fc, getirdi\u011fimiz yenilik\u00e7i bak\u0131\u015f a\u00e7\u0131s\u0131yla birle\u015ftirerek Y\u00fcksel So\u011futma&#8217;y\u0131 gelece\u011fe ta\u015f\u0131maya ve m\u00fc\u015fteri memnuniyeti odakl\u0131 hizmetimizi kararl\u0131l\u0131kla s\u00fcrd\u00fcrmeye devam edece\u011fiz.<\/p>\t\t\t\t\t\t\t\t<\/div>\n\t\t\t\t<\/div>\n\t\t\t\t\t<\/div>\n\t\t\t\t<\/div>\n\t\t<div class=\"elementor-element elementor-element-349799e e-flex e-con-boxed e-con e-parent\" data-id=\"349799e\" data-element_type=\"container\" data-e-type=\"container\" id=\"vizyonumuz\">\n\t\t\t\t\t<div class=\"e-con-inner\">\n\t\t<div class=\"elementor-element elementor-element-6064359 e-con-full e-flex e-con e-child\" data-id=\"6064359\" data-element_type=\"container\" data-e-type=\"container\">\n\t\t\t\t<div class=\"elementor-element elementor-element-e571f36 scaled-title elementor-invisible elementor-widget elementor-widget-heading\" data-id=\"e571f36\" data-element_type=\"widget\" data-e-type=\"widget\" data-settings=\"{&quot;_animation&quot;:&quot;fadeIn&quot;,&quot;_animation_delay&quot;:200}\" data-widget_type=\"heading.default\">\n\t\t\t\t\t<h6 class=\"elementor-heading-title elementor-size-default\">Vizyonumuz<\/h6>\t\t\t\t<\/div>\n\t\t\t\t<div class=\"elementor-element elementor-element-37e60f6 elementor-widget__width-initial elementor-widget-tablet__width-inherit scaled-text elementor-invisible elementor-widget elementor-widget-text-editor\" data-id=\"37e60f6\" data-element_type=\"widget\" data-e-type=\"widget\" data-settings=\"{&quot;_animation&quot;:&quot;fadeIn&quot;,&quot;_animation_delay&quot;:300}\" data-widget_type=\"text-editor.default\">\n\t\t\t\t\t\t\t\t\t<p data-pm-slice=\"1 1 []\">Y\u00fcksek teknoloji, \u015f\u0131k tasar\u0131m, s\u00fcrd\u00fcr\u00fclebilirlik ve m\u00fc\u015fteri memnuniyeti ilkelerini bir araya getirerek i\u015f ortaklar\u0131m\u0131z\u0131n de\u011fi\u015fen ihtiya\u00e7lar\u0131na h\u0131zl\u0131 ve etkin bir \u015fekilde yan\u0131t vermeyi hedeflemekteyiz.<\/p>\t\t\t\t\t\t\t\t<\/div>\n\t\t\t\t<\/div>\n\t\t<div class=\"elementor-element elementor-element-2c95495 e-con-full e-flex e-con e-child\" data-id=\"2c95495\" data-element_type=\"container\" data-e-type=\"container\">\n\t\t\t\t<div class=\"elementor-element elementor-element-5cd63b8 elementor-invisible elementor-widget elementor-widget-text-editor\" data-id=\"5cd63b8\" data-element_type=\"widget\" data-e-type=\"widget\" data-settings=\"{&quot;_animation&quot;:&quot;fadeIn&quot;,&quot;_animation_delay&quot;:400}\" data-widget_type=\"text-editor.default\">\n\t\t\t\t\t\t\t\t\t<p data-pm-slice=\"1 1 []\">\u0130\u015f ortaklar\u0131m\u0131z\u0131n ba\u015far\u0131s\u0131n\u0131 \u00f6n planda tutmay\u0131, sadece bug\u00fcn\u00fcn de\u011fil, gelece\u011fin ihtiya\u00e7lar\u0131na da cevap vermeyi ve \u00e7evre dostu olan katma de\u011ferli \u00e7\u00f6z\u00fcmler geli\u015ftirmeyi ama\u00e7 edindik.<\/p>\t\t\t\t\t\t\t\t<\/div>\n\t\t\t\t<div class=\"elementor-element elementor-element-b65a7ac elementor-invisible elementor-widget elementor-widget-image\" data-id=\"b65a7ac\" data-element_type=\"widget\" data-e-type=\"widget\" data-settings=\"{&quot;_animation&quot;:&quot;fadeIn&quot;,&quot;_animation_delay&quot;:400}\" data-widget_type=\"image.default\">\n\t\t\t\t\t\t\t\t\t\t\t\t\t\t\t<img fetchpriority=\"high\" decoding=\"async\" width=\"1920\" height=\"1080\" src=\"https:\/\/www.yukselsogutma.tr\/wp-content\/uploads\/2025\/06\/yuksel-sogutma-sanayi-ve-ticaret-kurumsal.webp\" class=\"attachment-full size-full wp-image-3025\" alt=\"\" srcset=\"https:\/\/www.yukselsogutma.tr\/wp-content\/uploads\/2025\/06\/yuksel-sogutma-sanayi-ve-ticaret-kurumsal.webp 1920w, https:\/\/www.yukselsogutma.tr\/wp-content\/uploads\/2025\/06\/yuksel-sogutma-sanayi-ve-ticaret-kurumsal-300x169.webp 300w, https:\/\/www.yukselsogutma.tr\/wp-content\/uploads\/2025\/06\/yuksel-sogutma-sanayi-ve-ticaret-kurumsal-1024x576.webp 1024w, https:\/\/www.yukselsogutma.tr\/wp-content\/uploads\/2025\/06\/yuksel-sogutma-sanayi-ve-ticaret-kurumsal-768x432.webp 768w, https:\/\/www.yukselsogutma.tr\/wp-content\/uploads\/2025\/06\/yuksel-sogutma-sanayi-ve-ticaret-kurumsal-1536x864.webp 1536w, https:\/\/www.yukselsogutma.tr\/wp-content\/uploads\/2025\/06\/yuksel-sogutma-sanayi-ve-ticaret-kurumsal-18x10.webp 18w\" sizes=\"(max-width: 1920px) 100vw, 1920px\" \/>\t\t\t\t\t\t\t\t\t\t\t\t\t\t\t<\/div>\n\t\t\t\t<div class=\"elementor-element elementor-element-3343e68 elementor-widget__width-inherit elementor-widget-tablet__width-inherit scaled-text elementor-invisible elementor-widget elementor-widget-text-editor\" data-id=\"3343e68\" data-element_type=\"widget\" data-e-type=\"widget\" data-settings=\"{&quot;_animation&quot;:&quot;fadeIn&quot;,&quot;_animation_delay&quot;:300}\" data-widget_type=\"text-editor.default\">\n\t\t\t\t\t\t\t\t\t<p>Sekt\u00f6r\u00fcm\u00fcz\u00fcn d\u00f6n\u00fc\u015f\u00fcm\u00fcnde \u00f6nc\u00fc rol \u00fcstlenmek, temel gayelerimizden biridir.<\/p><p>Teknolojiyi yaln\u0131zca takip eden de\u011fil, ayn\u0131 zamanda geli\u015ftiren bir marka olma vizyonuyla hareket ediyoruz.<\/p><p>Aile \u015firketimizin \u00fc\u00e7\u00fcnc\u00fc nesli olarak, Y\u00fcksel So\u011futma&#8217;y\u0131 yaln\u0131zca T\u00fcrkiye&#8217;de de\u011fil, uluslararas\u0131 pazarda da g\u00fcvenilir ve yenilik\u00e7i bir marka olarak konumland\u0131rmay\u0131 istiyoruz.<\/p><p>Bu do\u011frultuda, sekt\u00f6rdeki geli\u015fmeleri \u015fekillendiren, katma de\u011fer yaratan \u00e7\u00f6z\u00fcmler sunmaya odaklanaca\u011f\u0131z.<\/p>\t\t\t\t\t\t\t\t<\/div>\n\t\t\t\t<\/div>\n\t\t\t\t\t<\/div>\n\t\t\t\t<\/div>\n\t\t<div class=\"elementor-element elementor-element-492a9e5 e-flex e-con-boxed e-con e-parent\" data-id=\"492a9e5\" data-element_type=\"container\" data-e-type=\"container\" id=\"leofrost-taahhudu\">\n\t\t\t\t\t<div class=\"e-con-inner\">\n\t\t\t\t<div class=\"elementor-element elementor-element-1e8020c scaled-title elementor-invisible elementor-widget elementor-widget-heading\" data-id=\"1e8020c\" data-element_type=\"widget\" data-e-type=\"widget\" data-settings=\"{&quot;_animation&quot;:&quot;fadeIn&quot;,&quot;_animation_delay&quot;:200}\" data-widget_type=\"heading.default\">\n\t\t\t\t\t<h6 class=\"elementor-heading-title elementor-size-default\">Y\u00fcksel So\u011futma Taahh\u00fcd\u00fc<\/h6>\t\t\t\t<\/div>\n\t\t\t\t<div class=\"elementor-element elementor-element-f0440b3 elementor-invisible elementor-widget elementor-widget-text-editor\" data-id=\"f0440b3\" data-element_type=\"widget\" data-e-type=\"widget\" data-settings=\"{&quot;_animation&quot;:&quot;fadeIn&quot;,&quot;_animation_delay&quot;:400}\" data-widget_type=\"text-editor.default\">\n\t\t\t\t\t\t\t\t\t<p>M\u00fc\u015fterilerimizi her a\u015famada dikkatle dinliyor, onlar\u0131n ihtiya\u00e7lar\u0131n\u0131 en do\u011fru \u015fekilde anlayarak \u00e7\u00f6z\u00fcm \u00fcretmeye \u00f6zen g\u00f6steriyoruz. Kar\u015f\u0131la\u015f\u0131labilecek her t\u00fcrl\u00fc sorunda inisiyatif alarak h\u0131zl\u0131 ve etkili m\u00fcdahaleler sa\u011fl\u0131yoruz. Size, \u00fcr\u00fcnlerimiz ve ileti\u015fimimizle, beklentilerinizi a\u015fan bir memnuniyet deneyimi sunaca\u011f\u0131m\u0131z\u0131n s\u00f6z\u00fcn\u00fc veriyoruz.<\/p>\t\t\t\t\t\t\t\t<\/div>\n\t\t<div class=\"elementor-element elementor-element-59c1e30 e-con-full e-flex elementor-invisible e-con e-child\" data-id=\"59c1e30\" data-element_type=\"container\" data-e-type=\"container\" data-settings=\"{&quot;background_background&quot;:&quot;video&quot;,&quot;animation&quot;:&quot;fadeIn&quot;,&quot;animation_delay&quot;:500,&quot;motion_fx_motion_fx_scrolling&quot;:&quot;yes&quot;,&quot;background_video_link&quot;:&quot;\\\/wp-content\\\/uploads\\\/2025\\\/06\\\/yuksel-sogutma-sanayi-ve-ticaret-hero-showreel.mp4&quot;,&quot;background_play_on_mobile&quot;:&quot;yes&quot;,&quot;motion_fx_blur_effect&quot;:&quot;yes&quot;,&quot;motion_fx_blur_direction&quot;:&quot;in-out&quot;,&quot;motion_fx_blur_range&quot;:{&quot;unit&quot;:&quot;%&quot;,&quot;size&quot;:&quot;&quot;,&quot;sizes&quot;:{&quot;start&quot;:80,&quot;end&quot;:100}},&quot;motion_fx_blur_level&quot;:{&quot;unit&quot;:&quot;px&quot;,&quot;size&quot;:7,&quot;sizes&quot;:[]},&quot;motion_fx_devices&quot;:[&quot;desktop&quot;,&quot;tablet&quot;,&quot;mobile&quot;]}\">\n\t\t<div class=\"elementor-background-video-container\">\n\t\t\t\t\t\t\t<video class=\"elementor-background-video-hosted\" role=\"presentation\" autoplay muted playsinline loop><\/video>\n\t\t\t\t\t<\/div>\t\t<div class=\"elementor-element elementor-element-728dbb9 elementor-widget__width-initial scaled-text elementor-widget-tablet__width-inherit elementor-invisible elementor-widget elementor-widget-text-editor\" data-id=\"728dbb9\" data-element_type=\"widget\" data-e-type=\"widget\" data-settings=\"{&quot;_animation&quot;:&quot;fadeIn&quot;,&quot;_animation_delay&quot;:300}\" data-widget_type=\"text-editor.default\">\n\t\t\t\t\t\t\t\t\t<p data-start=\"69\" data-end=\"290\">Yaln\u0131zca \u00fcr\u00fcnlerimizi de\u011fil, ayn\u0131 zamanda hizmet kalitemizi ve memnuniyet anlay\u0131\u015f\u0131m\u0131z\u0131 da tercih etti\u011finizin fark\u0131nday\u0131z. Bu nedenle s\u00fcrecin her a\u015famas\u0131nda i\u015fletmenize de\u011fer katmay\u0131 \u00f6nceli\u011fimiz olarak g\u00f6r\u00fcyoruz.<\/p>\t\t\t\t\t\t\t\t<\/div>\n\t\t\t\t<\/div>\n\t\t\t\t\t<\/div>\n\t\t\t\t<\/div>\n\t\t\t\t<\/div>\n\t\t","protected":false},"excerpt":{"rendered":"<p>Kurumsal \u00dcr\u00fcnlerinizi en iyi \u015fekilde sergileyerek sat\u0131\u015flar\u0131n\u0131z\u0131 art\u0131rman\u0131za yard\u0131mc\u0131 olan, dayan\u0131kl\u0131 ve estetik so\u011futma \u00e7\u00f6z\u00fcmleri sunuyoruz. Hikayemiz Y\u00fcksel So\u011futma&#8217;n\u0131n yolculu\u011fu, so\u011futma teknolojilerine duydu\u011fumuz tutku ve i\u015fletmelerle ortak ba\u015far\u0131m\u0131za dair g\u00fc\u00e7l\u00fc inanc\u0131m\u0131zla \u0130stanbul\u2019da ba\u015flad\u0131. Ailenin \u00fc\u00e7\u00fcnc\u00fc neslinin liderli\u011finde, so\u011futma sekt\u00f6r\u00fcndeki teknolojik geli\u015fmeleri ve tasar\u0131m ak\u0131mlar\u0131n\u0131 yak\u0131ndan takip ederek, \u00fcst\u00fcn performansl\u0131 ve estetik de\u011feri y\u00fcksek so\u011futma \u00e7\u00f6z\u00fcmleri [&hellip;]<\/p>\n","protected":false},"author":1,"featured_media":0,"parent":0,"menu_order":0,"comment_status":"closed","ping_status":"closed","template":"elementor_header_footer","meta":{"footnotes":""},"class_list":["post-27","page","type-page","status-publish","hentry"],"aioseo_notices":[],"_links":{"self":[{"href":"https:\/\/www.yukselsogutma.tr\/en\/wp-json\/wp\/v2\/pages\/27","targetHints":{"allow":["GET"]}}],"collection":[{"href":"https:\/\/www.yukselsogutma.tr\/en\/wp-json\/wp\/v2\/pages"}],"about":[{"href":"https:\/\/www.yukselsogutma.tr\/en\/wp-json\/wp\/v2\/types\/page"}],"author":[{"embeddable":true,"href":"https:\/\/www.yukselsogutma.tr\/en\/wp-json\/wp\/v2\/users\/1"}],"replies":[{"embeddable":true,"href":"https:\/\/www.yukselsogutma.tr\/en\/wp-json\/wp\/v2\/comments?post=27"}],"version-history":[{"count":247,"href":"https:\/\/www.yukselsogutma.tr\/en\/wp-json\/wp\/v2\/pages\/27\/revisions"}],"predecessor-version":[{"id":3900,"href":"https:\/\/www.yukselsogutma.tr\/en\/wp-json\/wp\/v2\/pages\/27\/revisions\/3900"}],"wp:attachment":[{"href":"https:\/\/www.yukselsogutma.tr\/en\/wp-json\/wp\/v2\/media?parent=27"}],"curies":[{"name":"wp","href":"https:\/\/api.w.org\/{rel}","templated":true}]}}