{"id":35,"date":"2025-04-09T12:54:26","date_gmt":"2025-04-09T09:54:26","guid":{"rendered":"https:\/\/yukselsogutma.tr\/?page_id=35"},"modified":"2026-01-08T19:16:05","modified_gmt":"2026-01-08T16:16:05","slug":"kaynaklar","status":"publish","type":"page","link":"https:\/\/www.yukselsogutma.tr\/en\/kaynaklar\/","title":{"rendered":"Resources"},"content":{"rendered":"\t\t<div data-elementor-type=\"wp-page\" data-elementor-id=\"35\" class=\"elementor elementor-35\" data-elementor-post-type=\"page\">\n\t\t\t\t<div class=\"elementor-element elementor-element-95ab142 e-flex e-con-boxed e-con e-parent\" data-id=\"95ab142\" data-element_type=\"container\" data-e-type=\"container\">\n\t\t\t\t\t<div class=\"e-con-inner\">\n\t\t<div class=\"elementor-element elementor-element-b7da557 e-con-full e-flex e-con e-child\" data-id=\"b7da557\" data-element_type=\"container\" data-e-type=\"container\" data-settings=\"{&quot;motion_fx_motion_fx_scrolling&quot;:&quot;yes&quot;,&quot;motion_fx_opacity_effect&quot;:&quot;yes&quot;,&quot;motion_fx_opacity_direction&quot;:&quot;in-out&quot;,&quot;motion_fx_opacity_range&quot;:{&quot;unit&quot;:&quot;%&quot;,&quot;size&quot;:&quot;&quot;,&quot;sizes&quot;:{&quot;start&quot;:80,&quot;end&quot;:100}},&quot;motion_fx_opacity_level&quot;:{&quot;unit&quot;:&quot;px&quot;,&quot;size&quot;:10,&quot;sizes&quot;:[]},&quot;motion_fx_devices&quot;:[&quot;desktop&quot;,&quot;tablet&quot;,&quot;mobile&quot;]}\">\n\t\t\t\t<div class=\"elementor-element elementor-element-2c61981 scaled-title elementor-invisible elementor-widget elementor-widget-heading\" data-id=\"2c61981\" data-element_type=\"widget\" data-e-type=\"widget\" data-settings=\"{&quot;_animation&quot;:&quot;fadeIn&quot;,&quot;_animation_delay&quot;:200}\" data-widget_type=\"heading.default\">\n\t\t\t\t\t<h6 class=\"elementor-heading-title elementor-size-default\">Haberler &amp; Kaynaklar<\/h6>\t\t\t\t<\/div>\n\t\t\t\t<\/div>\n\t\t<div class=\"elementor-element elementor-element-62a3f9c e-con-full e-flex e-con e-child\" data-id=\"62a3f9c\" data-element_type=\"container\" data-e-type=\"container\" data-settings=\"{&quot;motion_fx_motion_fx_scrolling&quot;:&quot;yes&quot;,&quot;motion_fx_opacity_effect&quot;:&quot;yes&quot;,&quot;motion_fx_opacity_direction&quot;:&quot;in-out&quot;,&quot;motion_fx_opacity_range&quot;:{&quot;unit&quot;:&quot;%&quot;,&quot;size&quot;:&quot;&quot;,&quot;sizes&quot;:{&quot;start&quot;:80,&quot;end&quot;:100}},&quot;motion_fx_opacity_level&quot;:{&quot;unit&quot;:&quot;px&quot;,&quot;size&quot;:10,&quot;sizes&quot;:[]},&quot;motion_fx_devices&quot;:[&quot;desktop&quot;,&quot;tablet&quot;,&quot;mobile&quot;]}\">\n\t\t\t\t<div class=\"elementor-element elementor-element-b9587ee elementor-invisible elementor-widget elementor-widget-text-editor\" data-id=\"b9587ee\" data-element_type=\"widget\" data-e-type=\"widget\" data-settings=\"{&quot;_animation&quot;:&quot;fadeIn&quot;,&quot;_animation_delay&quot;:400}\" data-widget_type=\"text-editor.default\">\n\t\t\t\t\t\t\t\t\t<p>Markam\u0131zdan haberler, so\u011futma sekt\u00f6r\u00fcndeki yenilikler ve sistemlere dair e\u011fitim i\u00e7eriklerini derledi\u011fimiz bilgi kayna\u011f\u0131n\u0131 ke\u015ffedin.<\/p>\t\t\t\t\t\t\t\t<\/div>\n\t\t\t\t<\/div>\n\t\t\t\t\t<\/div>\n\t\t\t\t<\/div>\n\t\t<div class=\"elementor-element elementor-element-60cb91d e-flex e-con-boxed e-con e-parent\" data-id=\"60cb91d\" data-element_type=\"container\" data-e-type=\"container\">\n\t\t\t\t\t<div class=\"e-con-inner\">\n\t\t\t\t<div class=\"elementor-element elementor-element-d8faf94 elementor-posts--align-center elementor-grid-3 elementor-grid-tablet-2 elementor-grid-mobile-1 elementor-posts--thumbnail-top elementor-invisible elementor-widget elementor-widget-posts\" data-id=\"d8faf94\" data-element_type=\"widget\" data-e-type=\"widget\" data-settings=\"{&quot;_animation&quot;:&quot;fadeIn&quot;,&quot;_animation_delay&quot;:400,&quot;classic_row_gap&quot;:{&quot;unit&quot;:&quot;px&quot;,&quot;size&quot;:45,&quot;sizes&quot;:[]},&quot;classic_row_gap_mobile&quot;:{&quot;unit&quot;:&quot;px&quot;,&quot;size&quot;:45,&quot;sizes&quot;:[]},&quot;classic_row_gap_tablet&quot;:{&quot;unit&quot;:&quot;px&quot;,&quot;size&quot;:30,&quot;sizes&quot;:[]},&quot;pagination_type&quot;:&quot;load_more_infinite_scroll&quot;,&quot;motion_fx_motion_fx_scrolling&quot;:&quot;yes&quot;,&quot;motion_fx_blur_effect&quot;:&quot;yes&quot;,&quot;motion_fx_blur_direction&quot;:&quot;in-out&quot;,&quot;motion_fx_blur_range&quot;:{&quot;unit&quot;:&quot;%&quot;,&quot;size&quot;:&quot;&quot;,&quot;sizes&quot;:{&quot;start&quot;:80,&quot;end&quot;:100}},&quot;classic_columns&quot;:&quot;3&quot;,&quot;classic_columns_tablet&quot;:&quot;2&quot;,&quot;classic_columns_mobile&quot;:&quot;1&quot;,&quot;load_more_spinner&quot;:{&quot;value&quot;:&quot;fas fa-spinner&quot;,&quot;library&quot;:&quot;fa-solid&quot;},&quot;motion_fx_blur_level&quot;:{&quot;unit&quot;:&quot;px&quot;,&quot;size&quot;:7,&quot;sizes&quot;:[]},&quot;motion_fx_devices&quot;:[&quot;desktop&quot;,&quot;tablet&quot;,&quot;mobile&quot;]}\" data-widget_type=\"posts.classic\">\n\t\t\t\t<div class=\"elementor-widget-container\">\n\t\t\t\t\t\t\t<div class=\"elementor-posts-container elementor-posts elementor-posts--skin-classic elementor-grid\" role=\"list\">\n\t\t\t\t<article class=\"elementor-post elementor-grid-item post-3607 post type-post status-publish format-standard has-post-thumbnail hentry category-kaynaklar\" role=\"listitem\">\n\t\t\t\t<a class=\"elementor-post__thumbnail__link\" href=\"https:\/\/www.yukselsogutma.tr\/en\/sogutma-unitelerinde-periyodik-bakimin-onemi\/\" tabindex=\"-1\" >\n\t\t\t<div class=\"elementor-post__thumbnail\"><img fetchpriority=\"high\" decoding=\"async\" width=\"1125\" height=\"630\" src=\"https:\/\/www.yukselsogutma.tr\/wp-content\/uploads\/2025\/06\/yuksel-sogutma-sanayi-ve-ticaret-yenilenmis-urunler-page.jpg\" class=\"attachment-full size-full wp-image-3526\" alt=\"\" srcset=\"https:\/\/www.yukselsogutma.tr\/wp-content\/uploads\/2025\/06\/yuksel-sogutma-sanayi-ve-ticaret-yenilenmis-urunler-page.jpg 1125w, https:\/\/www.yukselsogutma.tr\/wp-content\/uploads\/2025\/06\/yuksel-sogutma-sanayi-ve-ticaret-yenilenmis-urunler-page-300x168.jpg 300w, https:\/\/www.yukselsogutma.tr\/wp-content\/uploads\/2025\/06\/yuksel-sogutma-sanayi-ve-ticaret-yenilenmis-urunler-page-1024x573.jpg 1024w, https:\/\/www.yukselsogutma.tr\/wp-content\/uploads\/2025\/06\/yuksel-sogutma-sanayi-ve-ticaret-yenilenmis-urunler-page-768x430.jpg 768w, https:\/\/www.yukselsogutma.tr\/wp-content\/uploads\/2025\/06\/yuksel-sogutma-sanayi-ve-ticaret-yenilenmis-urunler-page-18x10.jpg 18w\" sizes=\"(max-width: 1125px) 100vw, 1125px\" \/><\/div>\n\t\t<\/a>\n\t\t\t\t<div class=\"elementor-post__text\">\n\t\t\t\t<h3 class=\"elementor-post__title\">\n\t\t\t<a href=\"https:\/\/www.yukselsogutma.tr\/en\/sogutma-unitelerinde-periyodik-bakimin-onemi\/\" >\n\t\t\t\tSo\u011futma \u00dcnitelerinde Periyodik Bak\u0131m\u0131n \u00d6nemi\t\t\t<\/a>\n\t\t<\/h3>\n\t\t\t\t<div class=\"elementor-post__excerpt\">\n\t\t\t<p>So\u011futma \u00fcnitelerinde periyodik bak\u0131m, i\u015fletmelerin enerji maliyetlerini d\u00fc\u015f\u00fcr\u00fcr, ekipman \u00f6mr\u00fcn\u00fc iki kat\u0131na kadar uzat\u0131r ve ani ar\u0131zalar\u0131n \u00f6n\u00fcne ge\u00e7er. D\u00fczenli kontrol sayesinde \u00fcr\u00fcn kayb\u0131, itibar zedelenmesi ve y\u00fcksek tamir faturalar\u0131 gibi gizli maliyetler engellenir. Bu bak\u0131m, basit bir temizlik de\u011fil; sistem sa\u011fl\u0131\u011f\u0131n\u0131 koruyan stratejik bir yat\u0131r\u0131md\u0131r.<\/p>\n\t\t<\/div>\n\t\t\n\t\t<a class=\"elementor-post__read-more\" href=\"https:\/\/www.yukselsogutma.tr\/en\/sogutma-unitelerinde-periyodik-bakimin-onemi\/\" aria-label=\"Read more about So\u011futma \u00dcnitelerinde Periyodik Bak\u0131m\u0131n \u00d6nemi\" tabindex=\"-1\" >\n\t\t\tDEVAMINI OKUYUN\t\t<\/a>\n\n\t\t\t\t<\/div>\n\t\t\t\t<\/article>\n\t\t\t\t<article class=\"elementor-post elementor-grid-item post-3599 post type-post status-publish format-standard has-post-thumbnail hentry category-kaynaklar\" role=\"listitem\">\n\t\t\t\t<a class=\"elementor-post__thumbnail__link\" href=\"https:\/\/www.yukselsogutma.tr\/en\/dusuk-fiyatli-sogutucu\/\" tabindex=\"-1\" >\n\t\t\t<div class=\"elementor-post__thumbnail\"><img fetchpriority=\"high\" decoding=\"async\" width=\"1125\" height=\"630\" src=\"https:\/\/www.yukselsogutma.tr\/wp-content\/uploads\/2025\/06\/yuksel-sogutma-sanayi-ve-ticaret-yenilenmis-urunler-page.jpg\" class=\"attachment-full size-full wp-image-3526\" alt=\"\" srcset=\"https:\/\/www.yukselsogutma.tr\/wp-content\/uploads\/2025\/06\/yuksel-sogutma-sanayi-ve-ticaret-yenilenmis-urunler-page.jpg 1125w, https:\/\/www.yukselsogutma.tr\/wp-content\/uploads\/2025\/06\/yuksel-sogutma-sanayi-ve-ticaret-yenilenmis-urunler-page-300x168.jpg 300w, https:\/\/www.yukselsogutma.tr\/wp-content\/uploads\/2025\/06\/yuksel-sogutma-sanayi-ve-ticaret-yenilenmis-urunler-page-1024x573.jpg 1024w, https:\/\/www.yukselsogutma.tr\/wp-content\/uploads\/2025\/06\/yuksel-sogutma-sanayi-ve-ticaret-yenilenmis-urunler-page-768x430.jpg 768w, https:\/\/www.yukselsogutma.tr\/wp-content\/uploads\/2025\/06\/yuksel-sogutma-sanayi-ve-ticaret-yenilenmis-urunler-page-18x10.jpg 18w\" sizes=\"(max-width: 1125px) 100vw, 1125px\" \/><\/div>\n\t\t<\/a>\n\t\t\t\t<div class=\"elementor-post__text\">\n\t\t\t\t<h3 class=\"elementor-post__title\">\n\t\t\t<a href=\"https:\/\/www.yukselsogutma.tr\/en\/dusuk-fiyatli-sogutucu\/\" >\n\t\t\t\tD\u00fc\u015f\u00fck Fiyatl\u0131 So\u011futucu ile Gelen Gizli Bedel: Asl\u0131nda Size Ka\u00e7a Mal Oluyorlar?\t\t\t<\/a>\n\t\t<\/h3>\n\t\t\t\t<div class=\"elementor-post__excerpt\">\n\t\t\t<p>Ucuz so\u011futucular, d\u00fc\u015f\u00fck ilk maliyete ra\u011fmen ar\u0131za, y\u00fcksek enerji t\u00fcketimi ve \u00fcr\u00fcn kayb\u0131 gibi gizli maliyetlerle i\u015fletmenize uzun vadede zarar verebilir. Y\u00fcksel So\u011futma, y\u00fcksek verimli, dayan\u0131kl\u0131 ve g\u00fcvenli so\u011futucular\u0131yla toplam sahip olma maliyetini d\u00fc\u015f\u00fcrerek i\u015fletmenizi korur.<\/p>\n\t\t<\/div>\n\t\t\n\t\t<a class=\"elementor-post__read-more\" href=\"https:\/\/www.yukselsogutma.tr\/en\/dusuk-fiyatli-sogutucu\/\" aria-label=\"Read more about D\u00fc\u015f\u00fck Fiyatl\u0131 So\u011futucu ile Gelen Gizli Bedel: Asl\u0131nda Size Ka\u00e7a Mal Oluyorlar?\" tabindex=\"-1\" >\n\t\t\tDEVAMINI OKUYUN\t\t<\/a>\n\n\t\t\t\t<\/div>\n\t\t\t\t<\/article>\n\t\t\t\t<article class=\"elementor-post elementor-grid-item post-3442 post type-post status-publish format-standard has-post-thumbnail hentry category-kaynaklar\" role=\"listitem\">\n\t\t\t\t<a class=\"elementor-post__thumbnail__link\" href=\"https:\/\/www.yukselsogutma.tr\/en\/dogru-pasta-teshir-dolabi-ile-maksimum-kar\/\" tabindex=\"-1\" >\n\t\t\t<div class=\"elementor-post__thumbnail\"><img fetchpriority=\"high\" decoding=\"async\" width=\"1125\" height=\"630\" src=\"https:\/\/www.yukselsogutma.tr\/wp-content\/uploads\/2025\/06\/yuksel-sogutma-sanayi-ve-ticaret-yenilenmis-urunler-page.jpg\" class=\"attachment-full size-full wp-image-3526\" alt=\"\" srcset=\"https:\/\/www.yukselsogutma.tr\/wp-content\/uploads\/2025\/06\/yuksel-sogutma-sanayi-ve-ticaret-yenilenmis-urunler-page.jpg 1125w, https:\/\/www.yukselsogutma.tr\/wp-content\/uploads\/2025\/06\/yuksel-sogutma-sanayi-ve-ticaret-yenilenmis-urunler-page-300x168.jpg 300w, https:\/\/www.yukselsogutma.tr\/wp-content\/uploads\/2025\/06\/yuksel-sogutma-sanayi-ve-ticaret-yenilenmis-urunler-page-1024x573.jpg 1024w, https:\/\/www.yukselsogutma.tr\/wp-content\/uploads\/2025\/06\/yuksel-sogutma-sanayi-ve-ticaret-yenilenmis-urunler-page-768x430.jpg 768w, https:\/\/www.yukselsogutma.tr\/wp-content\/uploads\/2025\/06\/yuksel-sogutma-sanayi-ve-ticaret-yenilenmis-urunler-page-18x10.jpg 18w\" sizes=\"(max-width: 1125px) 100vw, 1125px\" \/><\/div>\n\t\t<\/a>\n\t\t\t\t<div class=\"elementor-post__text\">\n\t\t\t\t<h3 class=\"elementor-post__title\">\n\t\t\t<a href=\"https:\/\/www.yukselsogutma.tr\/en\/dogru-pasta-teshir-dolabi-ile-maksimum-kar\/\" >\n\t\t\t\tCironuzu Art\u0131rman\u0131n En Tatl\u0131 Yolu: Do\u011fru Pasta Te\u015fhir Dolab\u0131 ile Maksimum K\u00e2r\t\t\t<\/a>\n\t\t<\/h3>\n\t\t\t\t<div class=\"elementor-post__excerpt\">\n\t\t\t<p>Y\u00fcksel So\u011futma olarak sundu\u011fumuz yenilik\u00e7i so\u011futmal\u0131 pasta dolab\u0131 modelleri, i\u015fletmenizin sat\u0131\u015flar\u0131n\u0131 %50\u2019ye kadar art\u0131rabilecek teknolojik ve estetik avantajlar sunar.<\/p>\n\t\t<\/div>\n\t\t\n\t\t<a class=\"elementor-post__read-more\" href=\"https:\/\/www.yukselsogutma.tr\/en\/dogru-pasta-teshir-dolabi-ile-maksimum-kar\/\" aria-label=\"Read more about Cironuzu Art\u0131rman\u0131n En Tatl\u0131 Yolu: Do\u011fru Pasta Te\u015fhir Dolab\u0131 ile Maksimum K\u00e2r\" tabindex=\"-1\" >\n\t\t\tDEVAMINI OKUYUN\t\t<\/a>\n\n\t\t\t\t<\/div>\n\t\t\t\t<\/article>\n\t\t\t\t<\/div>\n\t\t\t\t\t<span class=\"e-load-more-spinner\">\n\t\t\t\t<svg aria-hidden=\"true\" class=\"e-font-icon-svg e-fas-spinner\" viewBox=\"0 0 512 512\" xmlns=\"http:\/\/www.w3.org\/2000\/svg\"><path d=\"M304 48c0 26.51-21.49 48-48 48s-48-21.49-48-48 21.49-48 48-48 48 21.49 48 48zm-48 368c-26.51 0-48 21.49-48 48s21.49 48 48 48 48-21.49 48-48-21.49-48-48-48zm208-208c-26.51 0-48 21.49-48 48s21.49 48 48 48 48-21.49 48-48-21.49-48-48-48zM96 256c0-26.51-21.49-48-48-48S0 229.49 0 256s21.49 48 48 48 48-21.49 48-48zm12.922 99.078c-26.51 0-48 21.49-48 48s21.49 48 48 48 48-21.49 48-48c0-26.509-21.491-48-48-48zm294.156 0c-26.51 0-48 21.49-48 48s21.49 48 48 48 48-21.49 48-48c0-26.509-21.49-48-48-48zM108.922 60.922c-26.51 0-48 21.49-48 48s21.49 48 48 48 48-21.49 48-48-21.491-48-48-48z\"><\/path><\/svg>\t\t\t<\/span>\n\t\t\n\t\t\t\t\t\t<\/div>\n\t\t\t\t<\/div>\n\t\t\t\t\t<\/div>\n\t\t\t\t<\/div>\n\t\t\t\t<\/div>\n\t\t","protected":false},"excerpt":{"rendered":"<p>Haberler &amp; Kaynaklar Markam\u0131zdan haberler, so\u011futma sekt\u00f6r\u00fcndeki yenilikler ve sistemlere dair e\u011fitim i\u00e7eriklerini derledi\u011fimiz bilgi kayna\u011f\u0131n\u0131 ke\u015ffedin.<\/p>","protected":false},"author":1,"featured_media":0,"parent":0,"menu_order":0,"comment_status":"closed","ping_status":"closed","template":"elementor_header_footer","meta":{"footnotes":""},"class_list":["post-35","page","type-page","status-publish","hentry"],"aioseo_notices":[],"_links":{"self":[{"href":"https:\/\/www.yukselsogutma.tr\/en\/wp-json\/wp\/v2\/pages\/35","targetHints":{"allow":["GET"]}}],"collection":[{"href":"https:\/\/www.yukselsogutma.tr\/en\/wp-json\/wp\/v2\/pages"}],"about":[{"href":"https:\/\/www.yukselsogutma.tr\/en\/wp-json\/wp\/v2\/types\/page"}],"author":[{"embeddable":true,"href":"https:\/\/www.yukselsogutma.tr\/en\/wp-json\/wp\/v2\/users\/1"}],"replies":[{"embeddable":true,"href":"https:\/\/www.yukselsogutma.tr\/en\/wp-json\/wp\/v2\/comments?post=35"}],"version-history":[{"count":136,"href":"https:\/\/www.yukselsogutma.tr\/en\/wp-json\/wp\/v2\/pages\/35\/revisions"}],"predecessor-version":[{"id":3896,"href":"https:\/\/www.yukselsogutma.tr\/en\/wp-json\/wp\/v2\/pages\/35\/revisions\/3896"}],"wp:attachment":[{"href":"https:\/\/www.yukselsogutma.tr\/en\/wp-json\/wp\/v2\/media?parent=35"}],"curies":[{"name":"wp","href":"https:\/\/api.w.org\/{rel}","templated":true}]}}