{"id":46,"date":"2025-04-09T12:55:34","date_gmt":"2025-04-09T09:55:34","guid":{"rendered":"https:\/\/yukselsogutma.tr\/?page_id=46"},"modified":"2026-01-08T19:15:31","modified_gmt":"2026-01-08T16:15:31","slug":"iletisim","status":"publish","type":"page","link":"https:\/\/www.yukselsogutma.tr\/en\/iletisim\/","title":{"rendered":"\u0130leti\u015fim"},"content":{"rendered":"\t\t<div data-elementor-type=\"wp-page\" data-elementor-id=\"46\" class=\"elementor elementor-46\" data-elementor-post-type=\"page\">\n\t\t\t\t<div class=\"elementor-element elementor-element-0de23ed e-flex e-con-boxed elementor-invisible e-con e-parent\" data-id=\"0de23ed\" data-element_type=\"container\" data-e-type=\"container\" data-settings=\"{&quot;animation&quot;:&quot;fadeIn&quot;,&quot;animation_delay&quot;:200,&quot;background_background&quot;:&quot;gradient&quot;}\">\n\t\t\t\t\t<div class=\"e-con-inner\">\n\t\t<div class=\"elementor-element elementor-element-a235648 e-con-full e-flex e-con e-child\" data-id=\"a235648\" data-element_type=\"container\" data-e-type=\"container\" data-settings=\"{&quot;motion_fx_motion_fx_scrolling&quot;:&quot;yes&quot;,&quot;motion_fx_opacity_effect&quot;:&quot;yes&quot;,&quot;motion_fx_opacity_direction&quot;:&quot;in-out&quot;,&quot;motion_fx_opacity_range&quot;:{&quot;unit&quot;:&quot;%&quot;,&quot;size&quot;:&quot;&quot;,&quot;sizes&quot;:{&quot;start&quot;:80,&quot;end&quot;:100}},&quot;motion_fx_opacity_level&quot;:{&quot;unit&quot;:&quot;px&quot;,&quot;size&quot;:10,&quot;sizes&quot;:[]},&quot;motion_fx_devices&quot;:[&quot;desktop&quot;,&quot;tablet&quot;,&quot;mobile&quot;]}\">\n\t\t\t\t<div class=\"elementor-element elementor-element-1114c61 scaled-title elementor-invisible elementor-widget elementor-widget-heading\" data-id=\"1114c61\" data-element_type=\"widget\" data-e-type=\"widget\" data-settings=\"{&quot;_animation&quot;:&quot;fadeIn&quot;,&quot;_animation_delay&quot;:200}\" data-widget_type=\"heading.default\">\n\t\t\t\t\t<h1 class=\"elementor-heading-title elementor-size-default\">Bizimle ileti\u015fime ge\u00e7in<\/h1>\t\t\t\t<\/div>\n\t\t\t\t<div class=\"elementor-element elementor-element-88222a2 elementor-invisible elementor-widget elementor-widget-text-editor\" data-id=\"88222a2\" data-element_type=\"widget\" data-e-type=\"widget\" data-settings=\"{&quot;_animation&quot;:&quot;fadeIn&quot;,&quot;_animation_delay&quot;:400}\" data-widget_type=\"text-editor.default\">\n\t\t\t\t\t\t\t\t\tSo\u011futma \u00e7\u00f6z\u00fcmlerimiz hakk\u0131nda kapsaml\u0131 bilgi almak ve ihtiya\u00e7lar\u0131n\u0131za y\u00f6nelik \u00f6zel tekliflerimizi \u00f6\u011frenmek i\u00e7in bizimle ileti\u015fime ge\u00e7ebilirsiniz.\t\t\t\t\t\t\t\t<\/div>\n\t\t<div class=\"elementor-element elementor-element-2a4a39f e-con-full e-flex e-con e-child\" data-id=\"2a4a39f\" data-element_type=\"container\" data-e-type=\"container\">\n\t\t<div class=\"elementor-element elementor-element-e07ce14 e-con-full e-flex e-con e-child\" data-id=\"e07ce14\" data-element_type=\"container\" data-e-type=\"container\">\n\t\t\t\t<div class=\"elementor-element elementor-element-b9c9b0b elementor-align-justify elementor-tablet-align-justify elementor-invisible elementor-widget elementor-widget-button\" data-id=\"b9c9b0b\" data-element_type=\"widget\" data-e-type=\"widget\" data-settings=\"{&quot;_animation&quot;:&quot;fadeIn&quot;,&quot;_animation_delay&quot;:200}\" data-widget_type=\"button.default\">\n\t\t\t\t\t\t\t\t\t\t<a class=\"elementor-button elementor-button-link elementor-size-sm\" href=\"tel:+905323762605\">\n\t\t\t\t\t\t<span class=\"elementor-button-content-wrapper\">\n\t\t\t\t\t\t<span class=\"elementor-button-icon\">\n\t\t\t\t<svg xmlns=\"http:\/\/www.w3.org\/2000\/svg\" id=\"Layer_1\" data-name=\"Layer 1\" viewBox=\"0 0 24 24\"><path d=\"m8.5,9.5c0,.551.128,1.073.356,1.537-.49.628-.795,1.407-.836,2.256-.941-.988-1.52-2.324-1.52-3.792,0-3.411,3.122-6.107,6.659-5.381,2.082.428,3.769,2.105,4.213,4.184.134.628.159,1.243.091,1.831-.058.498-.495.866-.997.866h-.045c-.592,0-1.008-.527-.943-1.115.044-.395.021-.81-.08-1.233-.298-1.253-1.32-2.268-2.575-2.557-2.286-.525-4.324,1.207-4.324,3.405Zm-3.89-1.295c.274-1.593,1.053-3.045,2.261-4.178,1.529-1.433,3.531-2.141,5.63-2.011,3.953.256,7.044,3.719,6.998,7.865-.019,1.736-1.473,3.118-3.208,3.118h-2.406c-.244-.829-1.002-1.439-1.91-1.439-1.105,0-2,.895-2,2s.895,2,2,2c.538,0,1.025-.215,1.384-.561h2.932c2.819,0,5.168-2.245,5.208-5.063C21.573,4.715,17.651.345,12.63.021c-2.664-.173-5.191.732-7.126,2.548-1.499,1.405-2.496,3.265-2.855,5.266-.109.608.372,1.166.989,1.166.472,0,.893-.329.972-.795Zm7.39,8.795c-3.695,0-6.892,2.292-7.955,5.702-.165.527.13,1.088.657,1.253.526.159,1.087-.131,1.252-.657.351-1.127,1.052-2.089,1.952-2.825l1.401,2.101c.355.532,1.136.532,1.491,0l1.254-1.882,1.254,1.882c.355.532,1.136.532,1.491,0l1.363-2.044c.867.729,1.542,1.67,1.884,2.768.134.428.528.702.955.702.099,0,.198-.015.298-.045.527-.165.821-.726.657-1.253-1.063-3.41-4.26-5.702-7.955-5.702Z\"><\/path><\/svg>\t\t\t<\/span>\n\t\t\t\t\t\t\t\t\t<span class=\"elementor-button-text\">Yeni M\u00fc\u015fteri Hatt\u0131<\/span>\n\t\t\t\t\t<\/span>\n\t\t\t\t\t<\/a>\n\t\t\t\t\t\t\t\t<\/div>\n\t\t\t\t<div class=\"elementor-element elementor-element-2d4c0fa elementor-align-justify elementor-tablet-align-justify elementor-invisible elementor-widget elementor-widget-button\" data-id=\"2d4c0fa\" data-element_type=\"widget\" data-e-type=\"widget\" data-settings=\"{&quot;_animation&quot;:&quot;fadeIn&quot;,&quot;_animation_delay&quot;:200}\" data-widget_type=\"button.default\">\n\t\t\t\t\t\t\t\t\t\t<a class=\"elementor-button elementor-button-link elementor-size-sm\" href=\"tel:+905322762605\" target=\"_blank\">\n\t\t\t\t\t\t<span class=\"elementor-button-content-wrapper\">\n\t\t\t\t\t\t<span class=\"elementor-button-icon\">\n\t\t\t\t<svg xmlns=\"http:\/\/www.w3.org\/2000\/svg\" id=\"Layer_1\" data-name=\"Layer 1\" viewBox=\"0 0 24 24\"><path d=\"m3.688,24c-.032,0-.063,0-.095,0-1.022-.027-1.963-.462-2.649-1.224-1.269-1.409-1.157-3.784.244-5.185l5.868-5.867c.253-.254.344-.631.241-1.009-.358-1.318-.393-2.676-.102-4.036C7.903,3.364,10.626.735,13.972.137c1.006-.18,2.015-.184,3.002-.007.731.129,1.299.625,1.52,1.325.251.799-.003,1.681-.682,2.359l-2.247,2.217c-.658.658-.758,1.69-.222,2.345.308.378.742.598,1.222.622.472.02.936-.155,1.271-.489l2.58-2.55c.539-.539,1.332-.735,2.07-.501.723.227,1.254.828,1.385,1.567h0c.175.987.172,1.998-.007,3.003-.6,3.347-3.229,6.07-6.544,6.777-1.363.291-2.721.256-4.036-.103-.377-.104-.754-.012-1.008.241l-5.976,5.975c-.69.69-1.637,1.081-2.612,1.081ZM15.61,1.993c-.422,0-.854.035-1.286.112-2.554.457-4.634,2.463-5.174,4.991-.224,1.045-.198,2.086.076,3.093.29,1.062,0,2.191-.756,2.948l-5.868,5.867c-.65.65-.732,1.81-.171,2.433.315.35.747.55,1.215.562.461.019.909-.163,1.241-.494l5.975-5.975c.755-.755,1.885-1.047,2.948-.757,1.004.274,2.045.3,3.093.076,2.528-.539,4.534-2.618,4.992-5.174.138-.772.14-1.547.006-2.301v-.007s-2.655,2.559-2.655,2.559c-.729.729-1.744,1.136-2.781,1.068-1.036-.052-2.009-.545-2.669-1.353-1.179-1.439-1.021-3.649.361-5.03l2.247-2.217c.179-.18.191-.314.184-.341-.315-.039-.643-.062-.976-.062Z\"><\/path><\/svg>\t\t\t<\/span>\n\t\t\t\t\t\t\t\t\t<span class=\"elementor-button-text\">Teknik Destek Hatt\u0131<\/span>\n\t\t\t\t\t<\/span>\n\t\t\t\t\t<\/a>\n\t\t\t\t\t\t\t\t<\/div>\n\t\t\t\t<\/div>\n\t\t<div class=\"elementor-element elementor-element-ae231d5 e-con-full e-flex e-con e-child\" data-id=\"ae231d5\" data-element_type=\"container\" data-e-type=\"container\">\n\t\t\t\t<div class=\"elementor-element elementor-element-8fc0cb2 elementor-align-justify elementor-tablet-align-justify elementor-invisible elementor-widget elementor-widget-button\" data-id=\"8fc0cb2\" data-element_type=\"widget\" data-e-type=\"widget\" data-settings=\"{&quot;_animation&quot;:&quot;fadeIn&quot;,&quot;_animation_delay&quot;:200}\" data-widget_type=\"button.default\">\n\t\t\t\t\t\t\t\t\t\t<a class=\"elementor-button elementor-button-link elementor-size-sm\" href=\"mailto:bilgi@yukselsogutma.tr\">\n\t\t\t\t\t\t<span class=\"elementor-button-content-wrapper\">\n\t\t\t\t\t\t<span class=\"elementor-button-icon\">\n\t\t\t\t<svg xmlns=\"http:\/\/www.w3.org\/2000\/svg\" id=\"Layer_1\" data-name=\"Layer 1\" viewBox=\"0 0 24 24\" width=\"512\" height=\"512\"><path d=\"M12,0A12.013,12.013,0,0,0,0,12c-.126,9.573,11.159,15.429,18.9,9.817a1,1,0,1,0-1.152-1.634C11.3,24.856,1.9,19.978,2,12,2.549-1.266,21.453-1.263,22,12v2a2,2,0,0,1-4,0V12C17.748,4.071,6.251,4.072,6,12a6.017,6.017,0,0,0,10.52,3.933A4,4,0,0,0,24,14V12A12.013,12.013,0,0,0,12,0Zm0,16a4,4,0,0,1,0-8A4,4,0,0,1,12,16Z\"><\/path><\/svg>\t\t\t<\/span>\n\t\t\t\t\t\t\t\t\t<span class=\"elementor-button-text\">E-posta<\/span>\n\t\t\t\t\t<\/span>\n\t\t\t\t\t<\/a>\n\t\t\t\t\t\t\t\t<\/div>\n\t\t\t\t<div class=\"elementor-element elementor-element-fb09780 elementor-align-justify elementor-tablet-align-justify elementor-invisible elementor-widget elementor-widget-button\" data-id=\"fb09780\" data-element_type=\"widget\" data-e-type=\"widget\" data-settings=\"{&quot;_animation&quot;:&quot;fadeIn&quot;,&quot;_animation_delay&quot;:200}\" data-widget_type=\"button.default\">\n\t\t\t\t\t\t\t\t\t\t<a class=\"elementor-button elementor-button-link elementor-size-sm\" href=\"\/teklif-formu\" target=\"_blank\">\n\t\t\t\t\t\t<span class=\"elementor-button-content-wrapper\">\n\t\t\t\t\t\t<span class=\"elementor-button-icon\">\n\t\t\t\t<svg xmlns=\"http:\/\/www.w3.org\/2000\/svg\" id=\"Layer_1\" height=\"512\" viewBox=\"0 0 24 24\" width=\"512\" data-name=\"Layer 1\"><path d=\"m10 10a3 3 0 0 0 0 6h4a3 3 0 0 0 0-6zm5 3a1 1 0 0 1 -1 1h-4a1 1 0 0 1 0-2h4a1 1 0 0 1 1 1zm2 6a1 1 0 0 1 -1 1h-8a1 1 0 0 1 0-2h8a1 1 0 0 1 1 1zm2.536-15.879-1.658-1.656a4.968 4.968 0 0 0 -3.535-1.465h-6.343a5.006 5.006 0 0 0 -5 5v14a5.006 5.006 0 0 0 5 5h8a5.006 5.006 0 0 0 5-5v-12.343a4.968 4.968 0 0 0 -1.464-3.536zm-1.414 1.414a3.1 3.1 0 0 1 .378.465h-2.5v-2.5a2.932 2.932 0 0 1 .464.377zm.878 14.465a3 3 0 0 1 -3 3h-8a3 3 0 0 1 -3-3v-14a3 3 0 0 1 3-3h6v3a2 2 0 0 0 2 2h3z\"><\/path><\/svg>\t\t\t<\/span>\n\t\t\t\t\t\t\t\t\t<span class=\"elementor-button-text\">Teklif Formu<\/span>\n\t\t\t\t\t<\/span>\n\t\t\t\t\t<\/a>\n\t\t\t\t\t\t\t\t<\/div>\n\t\t\t\t<\/div>\n\t\t\t\t<\/div>\n\t\t\t\t<\/div>\n\t\t\t\t\t<\/div>\n\t\t\t\t<\/div>\n\t\t\t\t<\/div>\n\t\t","protected":false},"excerpt":{"rendered":"<p>Bizimle ileti\u015fime ge\u00e7in So\u011futma \u00e7\u00f6z\u00fcmlerimiz hakk\u0131nda kapsaml\u0131 bilgi almak ve ihtiya\u00e7lar\u0131n\u0131za y\u00f6nelik \u00f6zel tekliflerimizi \u00f6\u011frenmek i\u00e7in bizimle ileti\u015fime ge\u00e7ebilirsiniz. Yeni M\u00fc\u015fteri Hatt\u0131 Teknik Destek Hatt\u0131 E-posta Teklif Formu<\/p>","protected":false},"author":1,"featured_media":0,"parent":0,"menu_order":0,"comment_status":"closed","ping_status":"closed","template":"elementor_header_footer","meta":{"footnotes":""},"class_list":["post-46","page","type-page","status-publish","hentry"],"aioseo_notices":[],"_links":{"self":[{"href":"https:\/\/www.yukselsogutma.tr\/en\/wp-json\/wp\/v2\/pages\/46","targetHints":{"allow":["GET"]}}],"collection":[{"href":"https:\/\/www.yukselsogutma.tr\/en\/wp-json\/wp\/v2\/pages"}],"about":[{"href":"https:\/\/www.yukselsogutma.tr\/en\/wp-json\/wp\/v2\/types\/page"}],"author":[{"embeddable":true,"href":"https:\/\/www.yukselsogutma.tr\/en\/wp-json\/wp\/v2\/users\/1"}],"replies":[{"embeddable":true,"href":"https:\/\/www.yukselsogutma.tr\/en\/wp-json\/wp\/v2\/comments?post=46"}],"version-history":[{"count":124,"href":"https:\/\/www.yukselsogutma.tr\/en\/wp-json\/wp\/v2\/pages\/46\/revisions"}],"predecessor-version":[{"id":3893,"href":"https:\/\/www.yukselsogutma.tr\/en\/wp-json\/wp\/v2\/pages\/46\/revisions\/3893"}],"wp:attachment":[{"href":"https:\/\/www.yukselsogutma.tr\/en\/wp-json\/wp\/v2\/media?parent=46"}],"curies":[{"name":"wp","href":"https:\/\/api.w.org\/{rel}","templated":true}]}}