{"id":1403,"date":"2025-05-18T11:12:53","date_gmt":"2025-05-18T08:12:53","guid":{"rendered":"https:\/\/yukselsogutma.tr\/?page_id=1403"},"modified":"2026-01-08T19:14:02","modified_gmt":"2026-01-08T16:14:02","slug":"surdurulebilir-cozumler","status":"publish","type":"page","link":"https:\/\/www.yukselsogutma.tr\/ru\/surdurulebilir-cozumler\/","title":{"rendered":"S\u00fcrd\u00fcr\u00fclebilir \u00c7\u00f6z\u00fcmler"},"content":{"rendered":"\t\t<div data-elementor-type=\"wp-page\" data-elementor-id=\"1403\" class=\"elementor elementor-1403\" data-elementor-post-type=\"page\">\n\t\t\t\t<div class=\"elementor-element elementor-element-831da61 e-flex e-con-boxed e-con e-parent\" data-id=\"831da61\" data-element_type=\"container\" data-e-type=\"container\">\n\t\t\t\t\t<div class=\"e-con-inner\">\n\t\t<div class=\"elementor-element elementor-element-7bee945 e-con-full e-flex elementor-invisible e-con e-child\" data-id=\"7bee945\" data-element_type=\"container\" data-e-type=\"container\" data-settings=\"{&quot;background_background&quot;:&quot;video&quot;,&quot;animation&quot;:&quot;fadeIn&quot;,&quot;animation_delay&quot;:200,&quot;background_play_on_mobile&quot;:&quot;yes&quot;,&quot;background_video_link&quot;:&quot;\\\/wp-content\\\/uploads\\\/2025\\\/06\\\/yuksel-sogutma-sanayi-ve-ticaret-surdurulebilir-cozumler.mp4&quot;}\">\n\t\t<div class=\"elementor-background-video-container\">\n\t\t\t\t\t\t\t<video class=\"elementor-background-video-hosted\" role=\"presentation\" autoplay muted playsinline loop><\/video>\n\t\t\t\t\t<\/div>\t\t<div class=\"elementor-element elementor-element-0e568de elementor-invisible elementor-widget elementor-widget-heading\" data-id=\"0e568de\" data-element_type=\"widget\" data-e-type=\"widget\" data-settings=\"{&quot;_animation&quot;:&quot;fadeIn&quot;,&quot;_animation_delay&quot;:250}\" data-widget_type=\"heading.default\">\n\t\t\t\t\t<h1 class=\"elementor-heading-title elementor-size-default\">S\u00fcr\u00fcr\u00fclebilir \u00c7\u00f6z\u00fcmler<\/h1>\t\t\t\t<\/div>\n\t\t\t\t<div class=\"elementor-element elementor-element-616eae2 elementor-widget__width-initial elementor-widget-tablet__width-inherit scaled-text elementor-invisible elementor-widget elementor-widget-text-editor\" data-id=\"616eae2\" data-element_type=\"widget\" data-e-type=\"widget\" data-settings=\"{&quot;_animation&quot;:&quot;fadeIn&quot;,&quot;_animation_delay&quot;:300}\" data-widget_type=\"text-editor.default\">\n\t\t\t\t\t\t\t\t\t<p>Bir \u00fcr\u00fcn\u00fcn ya\u015fam d\u00f6ng\u00fcs\u00fcn\u00fcn her evresinde; planl\u0131 yat\u0131r\u0131mlardan pratik \u00e7\u00f6z\u00fcmlere kadar her noktada i\u015fletmenizin yan\u0131nda yer alan b\u00fct\u00fcnsel bir \u00e7\u00f6z\u00fcm orta\u011f\u0131y\u0131z<\/p>\t\t\t\t\t\t\t\t<\/div>\n\t\t\t\t<\/div>\n\t\t\t\t\t<\/div>\n\t\t\t\t<\/div>\n\t\t<div class=\"elementor-element elementor-element-699bfbd e-flex e-con-boxed e-con e-parent\" data-id=\"699bfbd\" data-element_type=\"container\" data-e-type=\"container\" id=\"yenilenmis-urunler\">\n\t\t\t\t\t<div class=\"e-con-inner\">\n\t\t<div class=\"elementor-element elementor-element-e071a35 e-con-full e-flex e-con e-child\" data-id=\"e071a35\" data-element_type=\"container\" data-e-type=\"container\" data-settings=\"{&quot;sticky&quot;:&quot;top&quot;,&quot;sticky_on&quot;:[&quot;desktop&quot;],&quot;sticky_offset&quot;:60,&quot;sticky_parent&quot;:&quot;yes&quot;,&quot;sticky_effects_offset&quot;:0,&quot;sticky_anchor_link_offset&quot;:0}\">\n\t\t\t\t<div class=\"elementor-element elementor-element-b55c727 scaled-title elementor-hidden-tablet elementor-hidden-mobile elementor-invisible elementor-widget elementor-widget-heading\" data-id=\"b55c727\" data-element_type=\"widget\" data-e-type=\"widget\" data-settings=\"{&quot;_animation&quot;:&quot;fadeIn&quot;,&quot;_animation_delay&quot;:200}\" data-widget_type=\"heading.default\">\n\t\t\t\t\t<h6 class=\"elementor-heading-title elementor-size-default\">Yenilenmi\u015f \u00dcr\u00fcnler<\/h6>\t\t\t\t<\/div>\n\t\t\t\t<div class=\"elementor-element elementor-element-ed08851 scaled-title elementor-hidden-desktop elementor-invisible elementor-widget elementor-widget-heading\" data-id=\"ed08851\" data-element_type=\"widget\" data-e-type=\"widget\" data-settings=\"{&quot;_animation&quot;:&quot;fadeIn&quot;,&quot;_animation_delay&quot;:200}\" data-widget_type=\"heading.default\">\n\t\t\t\t\t<h6 class=\"elementor-heading-title elementor-size-default\">Yenilenmi\u015f \u00dcr\u00fcnler<\/h6>\t\t\t\t<\/div>\n\t\t\t\t<div class=\"elementor-element elementor-element-3c54947 elementor-invisible elementor-widget elementor-widget-image\" data-id=\"3c54947\" data-element_type=\"widget\" data-e-type=\"widget\" data-settings=\"{&quot;_animation&quot;:&quot;fadeIn&quot;,&quot;_animation_delay&quot;:450}\" data-widget_type=\"image.default\">\n\t\t\t\t\t\t\t\t\t\t\t\t\t\t\t<img fetchpriority=\"high\" decoding=\"async\" width=\"1125\" height=\"630\" src=\"https:\/\/www.yukselsogutma.tr\/wp-content\/uploads\/2025\/06\/yuksel-sogutma-sanayi-ve-ticaret-yenilenmis-urunler-page.jpg\" class=\"attachment-full size-full wp-image-3526\" alt=\"\" srcset=\"https:\/\/www.yukselsogutma.tr\/wp-content\/uploads\/2025\/06\/yuksel-sogutma-sanayi-ve-ticaret-yenilenmis-urunler-page.jpg 1125w, https:\/\/www.yukselsogutma.tr\/wp-content\/uploads\/2025\/06\/yuksel-sogutma-sanayi-ve-ticaret-yenilenmis-urunler-page-300x168.jpg 300w, https:\/\/www.yukselsogutma.tr\/wp-content\/uploads\/2025\/06\/yuksel-sogutma-sanayi-ve-ticaret-yenilenmis-urunler-page-1024x573.jpg 1024w, https:\/\/www.yukselsogutma.tr\/wp-content\/uploads\/2025\/06\/yuksel-sogutma-sanayi-ve-ticaret-yenilenmis-urunler-page-768x430.jpg 768w, https:\/\/www.yukselsogutma.tr\/wp-content\/uploads\/2025\/06\/yuksel-sogutma-sanayi-ve-ticaret-yenilenmis-urunler-page-18x10.jpg 18w\" sizes=\"(max-width: 1125px) 100vw, 1125px\" \/>\t\t\t\t\t\t\t\t\t\t\t\t\t\t\t<\/div>\n\t\t\t\t<\/div>\n\t\t<div class=\"elementor-element elementor-element-38544ed e-con-full e-flex e-con e-child\" data-id=\"38544ed\" data-element_type=\"container\" data-e-type=\"container\">\n\t\t\t\t<div class=\"elementor-element elementor-element-fa6d62e elementor-widget__width-inherit elementor-widget-tablet__width-inherit scaled-text elementor-invisible elementor-widget elementor-widget-text-editor\" data-id=\"fa6d62e\" data-element_type=\"widget\" data-e-type=\"widget\" data-settings=\"{&quot;_animation&quot;:&quot;fadeIn&quot;,&quot;_animation_delay&quot;:300}\" data-widget_type=\"text-editor.default\">\n\t\t\t\t\t\t\t\t\t<p data-start=\"114\" data-end=\"176\"><strong data-start=\"114\" data-end=\"176\">Garantili Performans, Ak\u0131ll\u0131 B\u00fct\u00e7e, S\u00fcrd\u00fcr\u00fclebilir Gelecek<\/strong><\/p><p data-start=\"178\" data-end=\"653\">Ticari ba\u015far\u0131; do\u011fru zamanda, stratejik yat\u0131r\u0131mlarla \u015fekillenir. Y\u00fcksel Re-New program\u0131, en y\u00fcksek kalite ve performans standartlar\u0131n\u0131 eri\u015filebilir maliyetlerle bulu\u015ftururken, \u00e7evresel sorumluluk anlay\u0131\u015f\u0131n\u0131 da i\u015f modelinizin merkezine ta\u015f\u0131r. Bu program, yaln\u0131zca ekonomik bir tercih de\u011fil; ayn\u0131 zamanda s\u00fcrd\u00fcr\u00fclebilir ve bilin\u00e7li bir b\u00fcy\u00fcmenin g\u00f6stergesidir. Y\u00fcksel g\u00fcvencesiyle yenilenen \u00fcr\u00fcnlerle, hem i\u015fletmenizin gelece\u011fine hem de gezegenimizin yar\u0131nlar\u0131na yat\u0131r\u0131m yap\u0131n.<\/p><p data-start=\"178\" data-end=\"653\"><strong data-start=\"660\" data-end=\"706\">Test Edilmi\u015f Kalite, Garanti Alt\u0131nda G\u00fcven<\/strong><\/p><p data-start=\"178\" data-end=\"653\">Re-New \u00fcr\u00fcnleri, \u201cyenilenmi\u015f\u201d kavram\u0131n\u0131 yeniden tan\u0131mlar. Her bir \u00fcnite, Y\u00fcksel So\u011futma\u2019n\u0131n uzman teknisyenleri taraf\u0131ndan kapsaml\u0131 bir kalite kontrol s\u00fcrecinden ge\u00e7irilir. Kritik elektronik ve mekanik bile\u015fenler s\u0131f\u0131r par\u00e7alarla de\u011fi\u015ftirilir, so\u011futma performans\u0131 fabrika standartlar\u0131nda test edilir. T\u00fcm bu s\u00fcre\u00e7, 1 y\u0131l tam garanti g\u00fcvencesiyle desteklenerek kullan\u0131c\u0131ya tam bir g\u00fcven sunar.<\/p><p data-start=\"178\" data-end=\"653\"><strong data-start=\"1139\" data-end=\"1181\">Ekonomik ve Ekolojik Stratejik Avantaj<\/strong><\/p><p data-start=\"1183\" data-end=\"1503\">Y\u00fcksel Re-New, d\u00f6ng\u00fcsel ekonomi anlay\u0131\u015f\u0131n\u0131 i\u015fletmenize kazand\u0131r\u0131r. S\u0131f\u0131r \u00fcr\u00fcn performans\u0131n\u0131 daha uygun maliyetle elde ederken, karbon ayak izinizi d\u00fc\u015f\u00fcrerek s\u00fcrd\u00fcr\u00fclebilirlik hedeflerinize katk\u0131 sa\u011flars\u0131n\u0131z. Hem b\u00fct\u00e7enizi koruyan hem de \u00e7evresel sorumlulu\u011fu g\u00f6zeten bu \u00e7\u00f6z\u00fcm, markan\u0131z i\u00e7in de\u011fer odakl\u0131 bir fark yarat\u0131r.<\/p><p data-start=\"1183\" data-end=\"1503\"><strong data-start=\"1510\" data-end=\"1559\">Y\u00fcksel Standartlar\u0131nda Operasyonel Verimlilik<\/strong><\/p><p data-start=\"1561\" data-end=\"1864\">Yenileme s\u00fcrecinden ge\u00e7en her \u00fcr\u00fcn, Y\u00fcksel So\u011futma\u2019n\u0131n performans, hijyen ve enerji verimlili\u011fi kriterlerini tam olarak kar\u015f\u0131lamak zorundad\u0131r. Enerji tasarrufunu art\u0131ran teknolojik iyile\u015ftirmeler ve detayl\u0131 sistem kontrolleri sayesinde, Re-New \u00fcr\u00fcnleri s\u0131f\u0131r \u00fcr\u00fcnle e\u015fde\u011fer operasyonel performans sunar.<\/p><p data-start=\"1561\" data-end=\"1864\"><strong data-start=\"1871\" data-end=\"1916\">D\u00fc\u015f\u00fck Risk, Y\u00fcksek Kazan\u00e7: Ak\u0131ll\u0131 Yat\u0131r\u0131m<\/strong><\/p><p data-start=\"1918\" data-end=\"2224\">Y\u00fcksel Re-New program\u0131, Y\u00fcksel kalitesiyle desteklenen b\u00fct\u00e7e dostu bir alternatif sunar. 1 y\u0131l garanti deste\u011fiyle yat\u0131r\u0131m riskini en aza indirirken, y\u00fcksek performans ve s\u00fcrd\u00fcr\u00fclebilirlik avantaj\u0131n\u0131 bir araya getirir. Daha az sermaye ile operasyonel s\u00fcreklilik ve \u00e7evresel sorumluluk sa\u011flamak art\u0131k m\u00fcmk\u00fcn.<\/p>\t\t\t\t\t\t\t\t<\/div>\n\t\t\t\t<\/div>\n\t\t\t\t\t<\/div>\n\t\t\t\t<\/div>\n\t\t<div class=\"elementor-element elementor-element-4871185 e-flex e-con-boxed e-con e-parent\" data-id=\"4871185\" data-element_type=\"container\" data-e-type=\"container\" id=\"ikinci-el-urunler\">\n\t\t\t\t\t<div class=\"e-con-inner\">\n\t\t<div class=\"elementor-element elementor-element-23e49ea e-con-full e-flex e-con e-child\" data-id=\"23e49ea\" data-element_type=\"container\" data-e-type=\"container\" data-settings=\"{&quot;sticky&quot;:&quot;top&quot;,&quot;sticky_on&quot;:[&quot;desktop&quot;],&quot;sticky_offset&quot;:60,&quot;sticky_parent&quot;:&quot;yes&quot;,&quot;sticky_effects_offset&quot;:0,&quot;sticky_anchor_link_offset&quot;:0}\">\n\t\t\t\t<div class=\"elementor-element elementor-element-77a5323 scaled-title elementor-hidden-tablet elementor-hidden-mobile elementor-invisible elementor-widget elementor-widget-heading\" data-id=\"77a5323\" data-element_type=\"widget\" data-e-type=\"widget\" data-settings=\"{&quot;_animation&quot;:&quot;fadeIn&quot;,&quot;_animation_delay&quot;:200}\" data-widget_type=\"heading.default\">\n\t\t\t\t\t<h6 class=\"elementor-heading-title elementor-size-default\">\u0130kinci El \u00dcr\u00fcnler<\/h6>\t\t\t\t<\/div>\n\t\t\t\t<div class=\"elementor-element elementor-element-e549b2d scaled-title elementor-hidden-desktop elementor-invisible elementor-widget elementor-widget-heading\" data-id=\"e549b2d\" data-element_type=\"widget\" data-e-type=\"widget\" data-settings=\"{&quot;_animation&quot;:&quot;fadeIn&quot;,&quot;_animation_delay&quot;:200}\" data-widget_type=\"heading.default\">\n\t\t\t\t\t<h6 class=\"elementor-heading-title elementor-size-default\">\u0130kinci El \u00dcr\u00fcnler<\/h6>\t\t\t\t<\/div>\n\t\t\t\t<div class=\"elementor-element elementor-element-397a90d elementor-invisible elementor-widget elementor-widget-image\" data-id=\"397a90d\" data-element_type=\"widget\" data-e-type=\"widget\" data-settings=\"{&quot;_animation&quot;:&quot;fadeIn&quot;,&quot;_animation_delay&quot;:450}\" data-widget_type=\"image.default\">\n\t\t\t\t\t\t\t\t\t\t\t\t\t\t\t<img decoding=\"async\" width=\"1125\" height=\"630\" src=\"https:\/\/www.yukselsogutma.tr\/wp-content\/uploads\/2025\/06\/yuksel-sogutma-sanayi-ve-ticaret-ikinci-el-urun-page.jpg\" class=\"attachment-full size-full wp-image-3525\" alt=\"\" srcset=\"https:\/\/www.yukselsogutma.tr\/wp-content\/uploads\/2025\/06\/yuksel-sogutma-sanayi-ve-ticaret-ikinci-el-urun-page.jpg 1125w, https:\/\/www.yukselsogutma.tr\/wp-content\/uploads\/2025\/06\/yuksel-sogutma-sanayi-ve-ticaret-ikinci-el-urun-page-300x168.jpg 300w, https:\/\/www.yukselsogutma.tr\/wp-content\/uploads\/2025\/06\/yuksel-sogutma-sanayi-ve-ticaret-ikinci-el-urun-page-1024x573.jpg 1024w, https:\/\/www.yukselsogutma.tr\/wp-content\/uploads\/2025\/06\/yuksel-sogutma-sanayi-ve-ticaret-ikinci-el-urun-page-768x430.jpg 768w, https:\/\/www.yukselsogutma.tr\/wp-content\/uploads\/2025\/06\/yuksel-sogutma-sanayi-ve-ticaret-ikinci-el-urun-page-18x10.jpg 18w\" sizes=\"(max-width: 1125px) 100vw, 1125px\" \/>\t\t\t\t\t\t\t\t\t\t\t\t\t\t\t<\/div>\n\t\t\t\t<\/div>\n\t\t<div class=\"elementor-element elementor-element-4e74600 e-con-full e-flex e-con e-child\" data-id=\"4e74600\" data-element_type=\"container\" data-e-type=\"container\">\n\t\t\t\t<div class=\"elementor-element elementor-element-d753674 elementor-widget__width-inherit elementor-widget-tablet__width-inherit scaled-text elementor-invisible elementor-widget elementor-widget-text-editor\" data-id=\"d753674\" data-element_type=\"widget\" data-e-type=\"widget\" data-settings=\"{&quot;_animation&quot;:&quot;fadeIn&quot;,&quot;_animation_delay&quot;:300}\" data-widget_type=\"text-editor.default\">\n\t\t\t\t\t\t\t\t\t<p data-start=\"100\" data-end=\"174\"><strong data-start=\"100\" data-end=\"174\">Maksimum Fiyat Avantaj\u0131 ve H\u0131zl\u0131 Tedarik<\/strong><\/p><p data-start=\"176\" data-end=\"571\">Ticari operasyonlarda zaman ve b\u00fct\u00e7e, kararlar\u0131 belirleyen en kritik fakt\u00f6rlerdir. Y\u00fcksel So\u011futma\u2019n\u0131n ikinci el \u00fcr\u00fcn portf\u00f6y\u00fc, s\u0131n\u0131rl\u0131 b\u00fct\u00e7eyle hareket eden ya da h\u0131zl\u0131 ekipman teminine ihtiya\u00e7 duyan i\u015fletmelere, ak\u0131lc\u0131 ve i\u015flevsel bir alternatif sunar.<\/p><p data-start=\"578\" data-end=\"631\"><strong data-start=\"578\" data-end=\"631\">Fonksiyonel Kalite, Teknik G\u00fcvenceyle Desteklenir<\/strong><\/p><p data-start=\"633\" data-end=\"976\">\u0130kinci el \u00fcr\u00fcn portf\u00f6y\u00fcm\u00fczde yer alan her ekipman, Y\u00fcksel So\u011futma teknisyenleri taraf\u0131ndan detayl\u0131 teknik denetimden ge\u00e7irilir. So\u011futma \u00e7evrimi, mekanik sistemler ve operasyonel g\u00fcvenlik unsurlar\u0131 titizlikle test edilir. T\u00fcm kontrollerin ard\u0131ndan, \u00fcr\u00fcnlerin \u00e7al\u0131\u015f\u0131r durumda ve temel fonksiyonlar\u0131n\u0131 yerine getirir oldu\u011fundan emin olunur.<\/p><p data-start=\"633\" data-end=\"976\"><strong data-start=\"983\" data-end=\"1037\">Stratejik Avantaj: B\u00fct\u00e7eye ve Zamana Duyarl\u0131 \u00c7\u00f6z\u00fcm<\/strong><\/p><p data-start=\"1039\" data-end=\"1390\">\u0130kinci el \u00fcr\u00fcnler, yeni giri\u015fimler, ge\u00e7ici projeler veya sermayesini farkl\u0131 alanlara y\u00f6nlendirmek isteyen i\u015fletmeler i\u00e7in stratejik bir yat\u0131r\u0131m f\u0131rsat\u0131 sunar. S\u0131f\u0131r \u00fcr\u00fcn maliyetine k\u0131yasla elle tutulur bir tasarruf sa\u011flayan bu \u00e7\u00f6z\u00fcm, so\u011futma ihtiyac\u0131n\u0131z\u0131 h\u0131zl\u0131ca kar\u015f\u0131layarak pazara giri\u015f s\u00fcrenizi k\u0131salt\u0131r ve kaynaklar\u0131n\u0131z\u0131 daha verimli kullanman\u0131z\u0131 sa\u011flar.<\/p>\t\t\t\t\t\t\t\t<\/div>\n\t\t\t\t<\/div>\n\t\t\t\t\t<\/div>\n\t\t\t\t<\/div>\n\t\t<div class=\"elementor-element elementor-element-7368a2c e-flex e-con-boxed e-con e-parent\" data-id=\"7368a2c\" data-element_type=\"container\" data-e-type=\"container\" id=\"geri-donusum\">\n\t\t\t\t\t<div class=\"e-con-inner\">\n\t\t<div class=\"elementor-element elementor-element-01de19d e-con-full e-flex e-con e-child\" data-id=\"01de19d\" data-element_type=\"container\" data-e-type=\"container\" data-settings=\"{&quot;sticky&quot;:&quot;top&quot;,&quot;sticky_on&quot;:[&quot;desktop&quot;],&quot;sticky_offset&quot;:60,&quot;sticky_parent&quot;:&quot;yes&quot;,&quot;sticky_effects_offset&quot;:0,&quot;sticky_anchor_link_offset&quot;:0}\">\n\t\t\t\t<div class=\"elementor-element elementor-element-3a3b4e9 scaled-title elementor-hidden-tablet elementor-hidden-mobile elementor-invisible elementor-widget elementor-widget-heading\" data-id=\"3a3b4e9\" data-element_type=\"widget\" data-e-type=\"widget\" data-settings=\"{&quot;_animation&quot;:&quot;fadeIn&quot;,&quot;_animation_delay&quot;:200}\" data-widget_type=\"heading.default\">\n\t\t\t\t\t<h6 class=\"elementor-heading-title elementor-size-default\">Geri D\u00f6n\u00fc\u015f\u00fcm<\/h6>\t\t\t\t<\/div>\n\t\t\t\t<div class=\"elementor-element elementor-element-1f5aa76 scaled-title elementor-hidden-desktop elementor-invisible elementor-widget elementor-widget-heading\" data-id=\"1f5aa76\" data-element_type=\"widget\" data-e-type=\"widget\" data-settings=\"{&quot;_animation&quot;:&quot;fadeIn&quot;,&quot;_animation_delay&quot;:200}\" data-widget_type=\"heading.default\">\n\t\t\t\t\t<h6 class=\"elementor-heading-title elementor-size-default\">Geri D\u00f6n\u00fc\u015f\u00fcm<\/h6>\t\t\t\t<\/div>\n\t\t\t\t<div class=\"elementor-element elementor-element-aef1f12 elementor-invisible elementor-widget elementor-widget-image\" data-id=\"aef1f12\" data-element_type=\"widget\" data-e-type=\"widget\" data-settings=\"{&quot;_animation&quot;:&quot;fadeIn&quot;,&quot;_animation_delay&quot;:450}\" data-widget_type=\"image.default\">\n\t\t\t\t\t\t\t\t\t\t\t\t\t\t\t<img decoding=\"async\" width=\"1125\" height=\"630\" src=\"https:\/\/www.yukselsogutma.tr\/wp-content\/uploads\/2025\/06\/yuksel-sogutma-sanayi-ve-ticaret-geri-donusum-page.jpg\" class=\"attachment-full size-full wp-image-3524\" alt=\"\" srcset=\"https:\/\/www.yukselsogutma.tr\/wp-content\/uploads\/2025\/06\/yuksel-sogutma-sanayi-ve-ticaret-geri-donusum-page.jpg 1125w, https:\/\/www.yukselsogutma.tr\/wp-content\/uploads\/2025\/06\/yuksel-sogutma-sanayi-ve-ticaret-geri-donusum-page-300x168.jpg 300w, https:\/\/www.yukselsogutma.tr\/wp-content\/uploads\/2025\/06\/yuksel-sogutma-sanayi-ve-ticaret-geri-donusum-page-1024x573.jpg 1024w, https:\/\/www.yukselsogutma.tr\/wp-content\/uploads\/2025\/06\/yuksel-sogutma-sanayi-ve-ticaret-geri-donusum-page-768x430.jpg 768w, https:\/\/www.yukselsogutma.tr\/wp-content\/uploads\/2025\/06\/yuksel-sogutma-sanayi-ve-ticaret-geri-donusum-page-18x10.jpg 18w\" sizes=\"(max-width: 1125px) 100vw, 1125px\" \/>\t\t\t\t\t\t\t\t\t\t\t\t\t\t\t<\/div>\n\t\t\t\t<\/div>\n\t\t<div class=\"elementor-element elementor-element-603041e e-con-full e-flex e-con e-child\" data-id=\"603041e\" data-element_type=\"container\" data-e-type=\"container\">\n\t\t\t\t<div class=\"elementor-element elementor-element-a9933ec elementor-widget__width-inherit elementor-widget-tablet__width-inherit scaled-text elementor-invisible elementor-widget elementor-widget-text-editor\" data-id=\"a9933ec\" data-element_type=\"widget\" data-e-type=\"widget\" data-settings=\"{&quot;_animation&quot;:&quot;fadeIn&quot;,&quot;_animation_delay&quot;:300}\" data-widget_type=\"text-editor.default\">\n\t\t\t\t\t\t\t\t\t<p data-start=\"92\" data-end=\"193\"><strong data-start=\"92\" data-end=\"193\">S\u0131f\u0131r Maliyetle Alan Kazan\u0131m\u0131 ve \u00c7evresel Sorumluluk<\/strong><\/p><p data-start=\"195\" data-end=\"637\">At\u0131l durumdaki end\u00fcstriyel ekipmanlar, yaln\u0131zca kullan\u0131lmayan varl\u0131klar de\u011fil; ayn\u0131 zamanda verimlilik ve \u00e7evresel s\u00fcrd\u00fcr\u00fclebilirlik a\u00e7\u0131s\u0131ndan \u00f6nemli bir y\u00fck te\u015fkil eder. Y\u00fcksel So\u011futma\u2019n\u0131n Geri D\u00f6n\u00fc\u015f\u00fcm Program\u0131, bu ekipmanlar\u0131 i\u015fletmenize hi\u00e7bir maliyet y\u00fcklemeden \u00e7evreye duyarl\u0131 \u015fekilde end\u00fcstriyel d\u00f6ng\u00fcye kazand\u0131r\u0131r.<\/p><p data-start=\"644\" data-end=\"682\"><strong data-start=\"644\" data-end=\"682\">Planl\u0131 S\u00fcre\u00e7, Profesyonel Uygulama<\/strong><\/p><p data-start=\"684\" data-end=\"1093\">Program kapsam\u0131nda uzman ekibimiz, kullan\u0131lmayan ekipmanlar\u0131n tespiti ve al\u0131nmas\u0131 s\u00fcrecini, i\u015fletmenizin operasyonlar\u0131n\u0131 aksatmayacak \u015fekilde planlar. \u00dcniteler, yerinde ve g\u00fcvenli bir \u015fekilde demonte edilerek, lisansl\u0131 geri d\u00f6n\u00fc\u015f\u00fcm tesislerine y\u00f6nlendirilir. Zararl\u0131 gaz ve at\u0131klar\u0131n do\u011faya kar\u0131\u015fmas\u0131 \u00f6nlenirken, t\u00fcm i\u015flem \u00e7evre mevzuat\u0131na ve s\u00fcrd\u00fcr\u00fclebilirlik standartlar\u0131na tam uyum i\u00e7inde ger\u00e7ekle\u015ftirilir.<\/p><p data-start=\"1462\" data-end=\"1496\"><strong data-start=\"1462\" data-end=\"1496\">S\u0131f\u0131r Maliyet, Zahmetsiz \u00c7\u00f6z\u00fcm<\/strong><\/p><p data-start=\"1498\" data-end=\"1748\">Program\u0131n sundu\u011fu hizmetlerin tamam\u0131 i\u015fletmeniz i\u00e7in \u00fccretsizdir. S\u00f6k\u00fcm, ta\u015f\u0131ma, nakliye ve bertaraf s\u00fcre\u00e7leri Y\u00fcksel So\u011futma taraf\u0131ndan \u00fcstlenilir. Siz yaln\u0131zca talepte bulunursunuz; geri kalan t\u00fcm s\u00fcre\u00e7 profesyonelce ve zahmetsiz \u015fekilde y\u00f6netilir.<\/p>\t\t\t\t\t\t\t\t<\/div>\n\t\t\t\t<\/div>\n\t\t\t\t\t<\/div>\n\t\t\t\t<\/div>\n\t\t<div class=\"elementor-element elementor-element-aeef0f1 e-flex e-con-boxed e-con e-parent\" data-id=\"aeef0f1\" data-element_type=\"container\" data-e-type=\"container\">\n\t\t\t\t\t<div class=\"e-con-inner\">\n\t\t\t\t<div class=\"elementor-element elementor-element-880fff6 elementor-invisible elementor-widget elementor-widget-text-editor\" data-id=\"880fff6\" data-element_type=\"widget\" data-e-type=\"widget\" data-settings=\"{&quot;_animation&quot;:&quot;fadeIn&quot;,&quot;_animation_delay&quot;:400,&quot;motion_fx_motion_fx_scrolling&quot;:&quot;yes&quot;,&quot;motion_fx_blur_effect&quot;:&quot;yes&quot;,&quot;motion_fx_blur_direction&quot;:&quot;in-out&quot;,&quot;motion_fx_blur_range&quot;:{&quot;unit&quot;:&quot;%&quot;,&quot;size&quot;:&quot;&quot;,&quot;sizes&quot;:{&quot;start&quot;:80,&quot;end&quot;:100}},&quot;motion_fx_blur_level&quot;:{&quot;unit&quot;:&quot;px&quot;,&quot;size&quot;:7,&quot;sizes&quot;:[]},&quot;motion_fx_devices&quot;:[&quot;desktop&quot;,&quot;tablet&quot;,&quot;mobile&quot;]}\" data-widget_type=\"text-editor.default\">\n\t\t\t\t\t\t\t\t\t<p>Y\u00fcksel So\u011futma, bir \u00fcr\u00fcn\u00fcn ya\u015fam d\u00f6ng\u00fcs\u00fcn\u00fcn her evresinde; planl\u0131 yat\u0131r\u0131mlardan pratik \u00e7\u00f6z\u00fcmlere, \u00e7evresel sorumluluktan operasyonel verimlili\u011fe kadar her noktada i\u015fletmenizin yan\u0131nda yer alan b\u00fct\u00fcnsel bir \u00e7\u00f6z\u00fcm orta\u011f\u0131d\u0131r. Bu \u00e7ok y\u00f6nl\u00fc hizmet yakla\u015f\u0131m\u0131, farkl\u0131 ihtiya\u00e7lara tek \u00e7at\u0131 alt\u0131nda ak\u0131lc\u0131, ekonomik ve sorumlu cevaplar sunmam\u0131z\u0131n en g\u00fc\u00e7l\u00fc ifadesidir.<\/p>\t\t\t\t\t\t\t\t<\/div>\n\t\t\t\t\t<\/div>\n\t\t\t\t<\/div>\n\t\t\t\t<\/div>\n\t\t","protected":false},"excerpt":{"rendered":"<p>S\u00fcr\u00fcr\u00fclebilir \u00c7\u00f6z\u00fcmler Bir \u00fcr\u00fcn\u00fcn ya\u015fam d\u00f6ng\u00fcs\u00fcn\u00fcn her evresinde; planl\u0131 yat\u0131r\u0131mlardan pratik \u00e7\u00f6z\u00fcmlere kadar her noktada i\u015fletmenizin yan\u0131nda yer alan b\u00fct\u00fcnsel bir \u00e7\u00f6z\u00fcm orta\u011f\u0131y\u0131z Yenilenmi\u015f \u00dcr\u00fcnler Yenilenmi\u015f \u00dcr\u00fcnler Garantili Performans, Ak\u0131ll\u0131 B\u00fct\u00e7e, S\u00fcrd\u00fcr\u00fclebilir Gelecek Ticari ba\u015far\u0131; do\u011fru zamanda, stratejik yat\u0131r\u0131mlarla \u015fekillenir. Y\u00fcksel Re-New program\u0131, en y\u00fcksek kalite ve performans standartlar\u0131n\u0131 eri\u015filebilir maliyetlerle bulu\u015ftururken, \u00e7evresel sorumluluk anlay\u0131\u015f\u0131n\u0131 [&hellip;]<\/p>\n","protected":false},"author":1,"featured_media":0,"parent":0,"menu_order":0,"comment_status":"closed","ping_status":"closed","template":"elementor_header_footer","meta":{"footnotes":""},"class_list":["post-1403","page","type-page","status-publish","hentry"],"aioseo_notices":[],"_links":{"self":[{"href":"https:\/\/www.yukselsogutma.tr\/ru\/wp-json\/wp\/v2\/pages\/1403","targetHints":{"allow":["GET"]}}],"collection":[{"href":"https:\/\/www.yukselsogutma.tr\/ru\/wp-json\/wp\/v2\/pages"}],"about":[{"href":"https:\/\/www.yukselsogutma.tr\/ru\/wp-json\/wp\/v2\/types\/page"}],"author":[{"embeddable":true,"href":"https:\/\/www.yukselsogutma.tr\/ru\/wp-json\/wp\/v2\/users\/1"}],"replies":[{"embeddable":true,"href":"https:\/\/www.yukselsogutma.tr\/ru\/wp-json\/wp\/v2\/comments?post=1403"}],"version-history":[{"count":145,"href":"https:\/\/www.yukselsogutma.tr\/ru\/wp-json\/wp\/v2\/pages\/1403\/revisions"}],"predecessor-version":[{"id":3878,"href":"https:\/\/www.yukselsogutma.tr\/ru\/wp-json\/wp\/v2\/pages\/1403\/revisions\/3878"}],"wp:attachment":[{"href":"https:\/\/www.yukselsogutma.tr\/ru\/wp-json\/wp\/v2\/media?parent=1403"}],"curies":[{"name":"wp","href":"https:\/\/api.w.org\/{rel}","templated":true}]}}