{"id":3294,"date":"2025-05-18T10:55:48","date_gmt":"2025-05-18T07:55:48","guid":{"rendered":"https:\/\/www.yukselsogutma.tr\/?page_id=3294"},"modified":"2026-01-08T19:14:05","modified_gmt":"2026-01-08T16:14:05","slug":"soguk-hava-depolari","status":"publish","type":"page","link":"https:\/\/www.yukselsogutma.tr\/ru\/soguk-hava-depolari\/","title":{"rendered":"\u0425\u043e\u043b\u043e\u0434\u0438\u043b\u044c\u043d\u044b\u0435 \u0421\u043a\u043b\u0430\u0434\u044b"},"content":{"rendered":"\t\t<div data-elementor-type=\"wp-page\" data-elementor-id=\"3294\" class=\"elementor elementor-3294\" data-elementor-post-type=\"page\">\n\t\t\t\t<div class=\"elementor-element elementor-element-94ad03e e-flex e-con-boxed e-con e-parent\" data-id=\"94ad03e\" data-element_type=\"container\" data-e-type=\"container\">\n\t\t\t\t\t<div class=\"e-con-inner\">\n\t\t<div class=\"elementor-element elementor-element-b055a41 e-con-full e-flex elementor-invisible e-con e-child\" data-id=\"b055a41\" data-element_type=\"container\" data-e-type=\"container\" data-settings=\"{&quot;background_background&quot;:&quot;video&quot;,&quot;animation&quot;:&quot;fadeIn&quot;,&quot;animation_delay&quot;:200,&quot;background_video_link&quot;:&quot;\\\/wp-content\\\/uploads\\\/2025\\\/06\\\/yuksel-sogutma-sanayi-ve-ticaret-soguk-hava-depolari.mp4&quot;,&quot;background_play_on_mobile&quot;:&quot;yes&quot;}\">\n\t\t<div class=\"elementor-background-video-container\">\n\t\t\t\t\t\t\t<video class=\"elementor-background-video-hosted\" role=\"presentation\" autoplay muted playsinline loop><\/video>\n\t\t\t\t\t<\/div>\t\t<div class=\"elementor-element elementor-element-8915195 elementor-invisible elementor-widget elementor-widget-heading\" data-id=\"8915195\" data-element_type=\"widget\" data-e-type=\"widget\" data-settings=\"{&quot;_animation&quot;:&quot;fadeIn&quot;,&quot;_animation_delay&quot;:250}\" data-widget_type=\"heading.default\">\n\t\t\t\t\t<h1 class=\"elementor-heading-title elementor-size-default\">So\u011fuk Hava Depolar\u0131<\/h1>\t\t\t\t<\/div>\n\t\t\t\t<div class=\"elementor-element elementor-element-fcd1ed8 elementor-widget__width-initial elementor-widget-tablet__width-inherit scaled-text elementor-invisible elementor-widget elementor-widget-text-editor\" data-id=\"fcd1ed8\" data-element_type=\"widget\" data-e-type=\"widget\" data-settings=\"{&quot;_animation&quot;:&quot;fadeIn&quot;,&quot;_animation_delay&quot;:300}\" data-widget_type=\"text-editor.default\">\n\t\t\t\t\t\t\t\t\t<p>Farkl\u0131 \u00fcr\u00fcn gruplar\u0131na \u00f6zel s\u0131cakl\u0131k kontrol\u00fc sunan, y\u00fcksek yal\u0131t\u0131ml\u0131, hijyenik ve mod\u00fcler yap\u0131l\u0131 depolarla ideal bir saklama altyap\u0131s\u0131 sa\u011fl\u0131yoruz.<\/p>\t\t\t\t\t\t\t\t<\/div>\n\t\t\t\t<\/div>\n\t\t\t\t\t<\/div>\n\t\t\t\t<\/div>\n\t\t<div class=\"elementor-element elementor-element-d28c139 e-flex e-con-boxed e-con e-parent\" data-id=\"d28c139\" data-element_type=\"container\" data-e-type=\"container\">\n\t\t\t\t\t<div class=\"e-con-inner\">\n\t\t<div class=\"elementor-element elementor-element-3f563a7 e-con-full e-flex e-con e-child\" data-id=\"3f563a7\" data-element_type=\"container\" data-e-type=\"container\">\n\t\t\t\t<div class=\"elementor-element elementor-element-50bc377 scaled-title elementor-invisible elementor-widget elementor-widget-heading\" data-id=\"50bc377\" data-element_type=\"widget\" data-e-type=\"widget\" data-settings=\"{&quot;_animation&quot;:&quot;fadeIn&quot;,&quot;_animation_delay&quot;:200}\" data-widget_type=\"heading.default\">\n\t\t\t\t\t<h6 class=\"elementor-heading-title elementor-size-default\">Y\u00fcksek Kapasite, Tam Kontrol ve Kesintisiz So\u011fuk Zincir<\/h6>\t\t\t\t<\/div>\n\t\t\t\t<\/div>\n\t\t<div class=\"elementor-element elementor-element-b1d5916 e-con-full e-flex e-con e-child\" data-id=\"b1d5916\" data-element_type=\"container\" data-e-type=\"container\">\n\t\t\t\t<div class=\"elementor-element elementor-element-455d684 elementor-widget__width-inherit elementor-widget-tablet__width-inherit scaled-text elementor-invisible elementor-widget elementor-widget-text-editor\" data-id=\"455d684\" data-element_type=\"widget\" data-e-type=\"widget\" data-settings=\"{&quot;_animation&quot;:&quot;fadeIn&quot;,&quot;_animation_delay&quot;:300}\" data-widget_type=\"text-editor.default\">\n\t\t\t\t\t\t\t\t\t<p data-start=\"99\" data-end=\"725\">So\u011fuk hava depolar\u0131, end\u00fcstriyel \u00f6l\u00e7ekteki \u00fcretim ve da\u011f\u0131t\u0131m s\u00fcre\u00e7lerinin g\u00fcvenlik ve kalite standard\u0131n\u0131 belirleyen temel altyap\u0131 sistemleridir. G\u0131da, ila\u00e7, kimya ve tar\u0131m gibi hassas \u00fcr\u00fcn gruplar\u0131nda kaliteyi, tazeli\u011fi ve de\u011fer zincirini korumak i\u00e7in geli\u015ftirilen bu yap\u0131lar, yaln\u0131zca bir saklama alan\u0131 de\u011fil, stratejik bir operasyon merkezidir.<\/p><p data-start=\"99\" data-end=\"725\">Y\u00fcksel So\u011futma olarak, i\u015fletmenizin ihtiya\u00e7lar\u0131na \u00f6zel, y\u00fcksek performansl\u0131 ve standartlara tam uyumlu so\u011fuk hava depolar\u0131 in\u015fa ediyor; s\u00fcre\u00e7lerinize de\u011fer katan anahtar teslim \u00e7\u00f6z\u00fcmler sunuyoruz.<\/p><p data-start=\"727\" data-end=\"1130\"><strong data-start=\"727\" data-end=\"762\">Kesintisiz So\u011futma, Tam G\u00fcvence<\/strong><\/p><p data-start=\"727\" data-end=\"1130\">Y\u00fcksek hacimli stoklamada hata pay\u0131 s\u0131f\u0131ra yak\u0131n olmal\u0131d\u0131r. Y\u00fcksel So\u011futma\u2019n\u0131n end\u00fcstriyel tip so\u011futma sistemleri ve dijital kontroll\u00fc otomasyon altyap\u0131s\u0131, +15\u00b0C\u2019den \u221240\u00b0C\u2019ye kadar farkl\u0131 s\u0131cakl\u0131k rejimlerinde hassas s\u0131cakl\u0131k ve nem kontrol\u00fcn\u00fc homojen bir \u015fekilde sa\u011flar. Bu sistemler, tonlarca \u00fcr\u00fcn\u00fc bozulma, deformasyon ve de\u011fer kayb\u0131na kar\u015f\u0131 etkin bi\u00e7imde korur.<\/p><p data-start=\"1132\" data-end=\"1534\"><strong data-start=\"1132\" data-end=\"1179\">Lojistik Performans ve Operasyonel Esneklik<\/strong><\/p><p data-start=\"1132\" data-end=\"1534\">Modern so\u011fuk hava deposu, sadece bir muhafaza alan\u0131 de\u011fil; \u00fcretimden da\u011f\u0131t\u0131ma t\u00fcm i\u015f ak\u0131\u015flar\u0131n\u0131n kesi\u015fti\u011fi bir merkezdir.<\/p><p data-start=\"1132\" data-end=\"1534\">Y\u00fcksel So\u011futma\u2019n\u0131n depo tasar\u0131mlar\u0131, y\u00fckleme-bo\u015faltma b\u00f6lgeleri, kap\u0131 sistemleri, raf organizasyonu ve i\u00e7 trafik ak\u0131\u015f\u0131 ile lojistik s\u00fcre\u00e7leri h\u0131zland\u0131r\u0131r, zaman kay\u0131plar\u0131n\u0131 azalt\u0131r ve tedarik zinciri \u00fczerinde tam hakimiyet sa\u011flar.<\/p><p data-start=\"1536\" data-end=\"1968\"><strong data-start=\"1536\" data-end=\"1582\">Y\u00fcksek Yal\u0131t\u0131m G\u00fcc\u00fc, D\u00fc\u015f\u00fck Enerji T\u00fcketimi<\/strong><\/p><p data-start=\"1536\" data-end=\"1968\">Depolar\u0131m\u0131zda kullan\u0131lan y\u00fcksek yo\u011funluklu poli\u00fcretan dolgulu sandvi\u00e7 paneller ve termal k\u00f6pr\u00fc olu\u015fturmayan kilitli ge\u00e7me sistemler, maksimum s\u0131zd\u0131rmazl\u0131k sa\u011flar. Bu \u00fcst\u00fcn izolasyon kalitesi, so\u011futma cihazlar\u0131n\u0131n daha az enerjiyle daha y\u00fcksek performansla \u00e7al\u0131\u015fmas\u0131na olanak tan\u0131r; b\u00f6ylece enerji maliyetlerinde \u00f6nemli bir tasarruf sa\u011flarken \u00e7evresel s\u00fcrd\u00fcr\u00fclebilirli\u011fi de destekler.<\/p>\t\t\t\t\t\t\t\t<\/div>\n\t\t\t\t<\/div>\n\t\t\t\t\t<\/div>\n\t\t\t\t<\/div>\n\t\t<div class=\"elementor-element elementor-element-f57a010 e-flex e-con-boxed e-con e-parent\" data-id=\"f57a010\" data-element_type=\"container\" data-e-type=\"container\">\n\t\t\t\t\t<div class=\"e-con-inner\">\n\t\t\t\t<div class=\"elementor-element elementor-element-9eaef1a elementor-widget elementor-widget-n-carousel\" data-id=\"9eaef1a\" data-element_type=\"widget\" data-e-type=\"widget\" data-settings=\"{&quot;carousel_items&quot;:[{&quot;slide_title&quot;:&quot;Slayt #1&quot;,&quot;_id&quot;:&quot;9f54fe2&quot;},{&quot;slide_title&quot;:&quot;Slayt #2&quot;,&quot;_id&quot;:&quot;b880829&quot;},{&quot;slide_title&quot;:&quot;Slayt #3&quot;,&quot;_id&quot;:&quot;d951d9d&quot;},{&quot;slide_title&quot;:&quot;Slayt #4&quot;,&quot;_id&quot;:&quot;4177ead&quot;},{&quot;slide_title&quot;:&quot;Slayt #5&quot;,&quot;_id&quot;:&quot;234fa3f&quot;}],&quot;slides_to_show&quot;:&quot;5&quot;,&quot;slides_to_show_mobile&quot;:&quot;3&quot;,&quot;slides_to_scroll_mobile&quot;:&quot;1&quot;,&quot;image_spacing_custom_mobile&quot;:{&quot;unit&quot;:&quot;px&quot;,&quot;size&quot;:20,&quot;sizes&quot;:[]},&quot;slides_to_show_tablet&quot;:&quot;3&quot;,&quot;image_spacing_custom_tablet&quot;:{&quot;unit&quot;:&quot;px&quot;,&quot;size&quot;:30,&quot;sizes&quot;:[]},&quot;image_spacing_custom&quot;:{&quot;unit&quot;:&quot;px&quot;,&quot;size&quot;:45,&quot;sizes&quot;:[]},&quot;motion_fx_motion_fx_scrolling&quot;:&quot;yes&quot;,&quot;motion_fx_opacity_effect&quot;:&quot;yes&quot;,&quot;motion_fx_opacity_direction&quot;:&quot;in-out&quot;,&quot;motion_fx_opacity_range&quot;:{&quot;unit&quot;:&quot;%&quot;,&quot;size&quot;:&quot;&quot;,&quot;sizes&quot;:{&quot;start&quot;:80,&quot;end&quot;:100}},&quot;infinite&quot;:&quot;yes&quot;,&quot;speed&quot;:500,&quot;offset_sides&quot;:&quot;none&quot;,&quot;motion_fx_opacity_level&quot;:{&quot;unit&quot;:&quot;px&quot;,&quot;size&quot;:10,&quot;sizes&quot;:[]},&quot;motion_fx_devices&quot;:[&quot;desktop&quot;,&quot;tablet&quot;,&quot;mobile&quot;]}\" data-widget_type=\"nested-carousel.default\">\n\t\t\t\t\t\t\t<div class=\"e-n-carousel swiper\" role=\"region\" aria-roledescription=\"carousel\" aria-label=\"Carousel\" dir=\"ltr\">\n\t\t\t<div class=\"swiper-wrapper\" aria-live=\"polite\">\n\t\t\t\t\t\t\t\t\t\t<div class=\"swiper-slide\" data-slide=\"1\" role=\"group\" aria-roledescription=\"slide\" aria-label=\"1 of 5\">\n\t\t\t\t\t\t\t<div class=\"elementor-element elementor-element-0497d87 e-flex e-con-boxed e-con e-child\" data-id=\"0497d87\" data-element_type=\"container\" data-e-type=\"container\">\n\t\t\t\t\t<div class=\"e-con-inner\">\n\t\t<div class=\"elementor-element elementor-element-382d8b4 e-con-full e-flex elementor-invisible e-con e-child\" data-id=\"382d8b4\" data-element_type=\"container\" data-e-type=\"container\" data-settings=\"{&quot;background_background&quot;:&quot;classic&quot;,&quot;animation&quot;:&quot;fadeIn&quot;,&quot;animation_delay&quot;:200}\">\n\t\t\t\t<\/div>\n\t\t\t\t\t<\/div>\n\t\t\t\t<\/div>\n\t\t\t\t\t\t\t\t<\/div>\n\t\t\t\t\t\t\t\t\t\t\t<div class=\"swiper-slide\" data-slide=\"2\" role=\"group\" aria-roledescription=\"slide\" aria-label=\"2 of 5\">\n\t\t\t\t\t\t\t<div class=\"elementor-element elementor-element-5b9b88c e-flex e-con-boxed e-con e-child\" data-id=\"5b9b88c\" data-element_type=\"container\" data-e-type=\"container\">\n\t\t\t\t\t<div class=\"e-con-inner\">\n\t\t<div class=\"elementor-element elementor-element-fa45b72 e-con-full e-flex elementor-invisible e-con e-child\" data-id=\"fa45b72\" data-element_type=\"container\" data-e-type=\"container\" data-settings=\"{&quot;background_background&quot;:&quot;classic&quot;,&quot;animation&quot;:&quot;fadeIn&quot;,&quot;animation_delay&quot;:200}\">\n\t\t\t\t<\/div>\n\t\t\t\t\t<\/div>\n\t\t\t\t<\/div>\n\t\t\t\t\t\t\t\t<\/div>\n\t\t\t\t\t\t\t\t\t\t\t<div class=\"swiper-slide\" data-slide=\"3\" role=\"group\" aria-roledescription=\"slide\" aria-label=\"3 of 5\">\n\t\t\t\t\t\t\t<div class=\"elementor-element elementor-element-5dc9e89 e-flex e-con-boxed e-con e-child\" data-id=\"5dc9e89\" data-element_type=\"container\" data-e-type=\"container\">\n\t\t\t\t\t<div class=\"e-con-inner\">\n\t\t<div class=\"elementor-element elementor-element-0e84cbc e-con-full e-flex elementor-invisible e-con e-child\" data-id=\"0e84cbc\" data-element_type=\"container\" data-e-type=\"container\" data-settings=\"{&quot;background_background&quot;:&quot;classic&quot;,&quot;animation&quot;:&quot;fadeIn&quot;,&quot;animation_delay&quot;:200}\">\n\t\t\t\t<\/div>\n\t\t\t\t\t<\/div>\n\t\t\t\t<\/div>\n\t\t\t\t\t\t\t\t<\/div>\n\t\t\t\t\t\t\t\t\t\t\t<div class=\"swiper-slide\" data-slide=\"4\" role=\"group\" aria-roledescription=\"slide\" aria-label=\"4 of 5\">\n\t\t\t\t\t\t\t<div class=\"elementor-element elementor-element-554d683 e-flex e-con-boxed e-con e-child\" data-id=\"554d683\" data-element_type=\"container\" data-e-type=\"container\">\n\t\t\t\t\t<div class=\"e-con-inner\">\n\t\t<div class=\"elementor-element elementor-element-2084304 e-con-full e-flex elementor-invisible e-con e-child\" data-id=\"2084304\" data-element_type=\"container\" data-e-type=\"container\" data-settings=\"{&quot;background_background&quot;:&quot;classic&quot;,&quot;animation&quot;:&quot;fadeIn&quot;,&quot;animation_delay&quot;:200}\">\n\t\t\t\t<\/div>\n\t\t\t\t\t<\/div>\n\t\t\t\t<\/div>\n\t\t\t\t\t\t\t\t<\/div>\n\t\t\t\t\t\t\t\t\t\t\t<div class=\"swiper-slide\" data-slide=\"5\" role=\"group\" aria-roledescription=\"slide\" aria-label=\"5 of 5\">\n\t\t\t\t\t\t\t<div class=\"elementor-element elementor-element-a198ac0 e-flex e-con-boxed e-con e-child\" data-id=\"a198ac0\" data-element_type=\"container\" data-e-type=\"container\">\n\t\t\t\t\t<div class=\"e-con-inner\">\n\t\t<div class=\"elementor-element elementor-element-76b742a e-con-full e-flex elementor-invisible e-con e-child\" data-id=\"76b742a\" data-element_type=\"container\" data-e-type=\"container\" data-settings=\"{&quot;background_background&quot;:&quot;classic&quot;,&quot;animation&quot;:&quot;fadeIn&quot;,&quot;animation_delay&quot;:200}\">\n\t\t\t\t<\/div>\n\t\t\t\t\t<\/div>\n\t\t\t\t<\/div>\n\t\t\t\t\t\t\t\t<\/div>\n\t\t\t\t\t\t\t\t<\/div>\n\t\t<\/div>\n\t\t\t\t\t\t<\/div>\n\t\t\t\t\t<\/div>\n\t\t\t\t<\/div>\n\t\t<div class=\"elementor-element elementor-element-adf5773 e-flex e-con-boxed e-con e-parent\" data-id=\"adf5773\" data-element_type=\"container\" data-e-type=\"container\">\n\t\t\t\t\t<div class=\"e-con-inner\">\n\t\t\t\t<div class=\"elementor-element elementor-element-ebad0e2 elementor-invisible elementor-widget elementor-widget-text-editor\" data-id=\"ebad0e2\" data-element_type=\"widget\" data-e-type=\"widget\" data-settings=\"{&quot;_animation&quot;:&quot;fadeIn&quot;,&quot;_animation_delay&quot;:400,&quot;motion_fx_motion_fx_scrolling&quot;:&quot;yes&quot;,&quot;motion_fx_blur_effect&quot;:&quot;yes&quot;,&quot;motion_fx_blur_direction&quot;:&quot;in-out&quot;,&quot;motion_fx_blur_range&quot;:{&quot;unit&quot;:&quot;%&quot;,&quot;size&quot;:&quot;&quot;,&quot;sizes&quot;:{&quot;start&quot;:80,&quot;end&quot;:100}},&quot;motion_fx_blur_level&quot;:{&quot;unit&quot;:&quot;px&quot;,&quot;size&quot;:7,&quot;sizes&quot;:[]},&quot;motion_fx_devices&quot;:[&quot;desktop&quot;,&quot;tablet&quot;,&quot;mobile&quot;]}\" data-widget_type=\"text-editor.default\">\n\t\t\t\t\t\t\t\t\tY\u00fcksel So\u011futma so\u011fuk hava depolar\u0131; y\u00fcksek kapasite, operasyonel verim ve hijyen g\u00fcvenli\u011fini bir arada sunarak, i\u015fletmenizin so\u011fuk zincir s\u00fcre\u00e7lerinde tam kontrol sa\u011flayan \u00e7\u00f6z\u00fcmleridir.\t\t\t\t\t\t\t\t<\/div>\n\t\t\t\t\t<\/div>\n\t\t\t\t<\/div>\n\t\t\t\t<\/div>\n\t\t","protected":false},"excerpt":{"rendered":"<p>So\u011fuk Hava Depolar\u0131 Farkl\u0131 \u00fcr\u00fcn gruplar\u0131na \u00f6zel s\u0131cakl\u0131k kontrol\u00fc sunan, y\u00fcksek yal\u0131t\u0131ml\u0131, hijyenik ve mod\u00fcler yap\u0131l\u0131 depolarla ideal bir saklama altyap\u0131s\u0131 sa\u011fl\u0131yoruz. Y\u00fcksek Kapasite, Tam Kontrol ve Kesintisiz So\u011fuk Zincir So\u011fuk hava depolar\u0131, end\u00fcstriyel \u00f6l\u00e7ekteki \u00fcretim ve da\u011f\u0131t\u0131m s\u00fcre\u00e7lerinin g\u00fcvenlik ve kalite standard\u0131n\u0131 belirleyen temel altyap\u0131 sistemleridir. G\u0131da, ila\u00e7, kimya ve tar\u0131m gibi hassas \u00fcr\u00fcn [&hellip;]<\/p>\n","protected":false},"author":1,"featured_media":0,"parent":0,"menu_order":0,"comment_status":"closed","ping_status":"closed","template":"elementor_header_footer","meta":{"footnotes":""},"class_list":["post-3294","page","type-page","status-publish","hentry"],"aioseo_notices":[],"_links":{"self":[{"href":"https:\/\/www.yukselsogutma.tr\/ru\/wp-json\/wp\/v2\/pages\/3294","targetHints":{"allow":["GET"]}}],"collection":[{"href":"https:\/\/www.yukselsogutma.tr\/ru\/wp-json\/wp\/v2\/pages"}],"about":[{"href":"https:\/\/www.yukselsogutma.tr\/ru\/wp-json\/wp\/v2\/types\/page"}],"author":[{"embeddable":true,"href":"https:\/\/www.yukselsogutma.tr\/ru\/wp-json\/wp\/v2\/users\/1"}],"replies":[{"embeddable":true,"href":"https:\/\/www.yukselsogutma.tr\/ru\/wp-json\/wp\/v2\/comments?post=3294"}],"version-history":[{"count":20,"href":"https:\/\/www.yukselsogutma.tr\/ru\/wp-json\/wp\/v2\/pages\/3294\/revisions"}],"predecessor-version":[{"id":3881,"href":"https:\/\/www.yukselsogutma.tr\/ru\/wp-json\/wp\/v2\/pages\/3294\/revisions\/3881"}],"wp:attachment":[{"href":"https:\/\/www.yukselsogutma.tr\/ru\/wp-json\/wp\/v2\/media?parent=3294"}],"curies":[{"name":"wp","href":"https:\/\/api.w.org\/{rel}","templated":true}]}}